{"id":884,"date":"2021-01-17T15:26:54","date_gmt":"2021-01-17T14:26:54","guid":{"rendered":"https:\/\/danubefishing.com\/o-pontone\/"},"modified":"2021-04-07T13:50:57","modified_gmt":"2021-04-07T11:50:57","slug":"float-rental","status":"publish","type":"page","link":"https:\/\/danubefishing.com\/en\/float-rental\/","title":{"rendered":"Float rental"},"content":{"rendered":"[vc_row type=&#8221;in_container&#8221; full_screen_row_position=&#8221;middle&#8221; column_margin=&#8221;default&#8221; column_direction=&#8221;default&#8221; column_direction_tablet=&#8221;default&#8221; column_direction_phone=&#8221;default&#8221; scene_position=&#8221;center&#8221; text_color=&#8221;dark&#8221; text_align=&#8221;left&#8221; row_border_radius=&#8221;none&#8221; row_border_radius_applies=&#8221;bg&#8221; overlay_strength=&#8221;0.3&#8243; gradient_direction=&#8221;left_to_right&#8221; shape_divider_position=&#8221;bottom&#8221; bg_image_animation=&#8221;none&#8221;][vc_column column_padding=&#8221;no-extra-padding&#8221; column_padding_tablet=&#8221;inherit&#8221; column_padding_phone=&#8221;inherit&#8221; column_padding_position=&#8221;all&#8221; background_color_opacity=&#8221;1&#8243; background_hover_color_opacity=&#8221;1&#8243; column_shadow=&#8221;none&#8221; column_border_radius=&#8221;none&#8221; column_link_target=&#8221;_self&#8221; gradient_direction=&#8221;left_to_right&#8221; overlay_strength=&#8221;0.3&#8243; width=&#8221;1\/2&#8243; tablet_width_inherit=&#8221;default&#8221; tablet_text_alignment=&#8221;default&#8221; phone_text_alignment=&#8221;default&#8221; column_border_width=&#8221;none&#8221; column_border_style=&#8221;solid&#8221; bg_image_animation=&#8221;none&#8221;][vc_column_text el_class=&#8221;text-with-borders&#8221;]\n<h1>The float<\/h1>\n<p>Float rental [\/vc_column_text][\/vc_column][vc_column column_padding=&#8221;no-extra-padding&#8221; column_padding_tablet=&#8221;inherit&#8221; column_padding_phone=&#8221;inherit&#8221; column_padding_position=&#8221;all&#8221; background_color_opacity=&#8221;1&#8243; background_hover_color_opacity=&#8221;1&#8243; column_shadow=&#8221;none&#8221; column_border_radius=&#8221;none&#8221; column_link_target=&#8221;_self&#8221; gradient_direction=&#8221;left_to_right&#8221; overlay_strength=&#8221;0.3&#8243; width=&#8221;1\/2&#8243; tablet_width_inherit=&#8221;default&#8221; tablet_text_alignment=&#8221;default&#8221; phone_text_alignment=&#8221;default&#8221; column_border_width=&#8221;none&#8221; column_border_style=&#8221;solid&#8221; bg_image_animation=&#8221;none&#8221;][\/vc_column][\/vc_row][vc_row type=&#8221;in_container&#8221; full_screen_row_position=&#8221;middle&#8221; column_margin=&#8221;default&#8221; column_direction=&#8221;default&#8221; column_direction_tablet=&#8221;default&#8221; column_direction_phone=&#8221;default&#8221; scene_position=&#8221;center&#8221; text_color=&#8221;dark&#8221; text_align=&#8221;left&#8221; row_border_radius=&#8221;none&#8221; row_border_radius_applies=&#8221;bg&#8221; overlay_strength=&#8221;0.3&#8243; gradient_direction=&#8221;left_to_right&#8221; shape_divider_position=&#8221;bottom&#8221; bg_image_animation=&#8221;none&#8221;][vc_column column_padding=&#8221;no-extra-padding&#8221; column_padding_tablet=&#8221;inherit&#8221; column_padding_phone=&#8221;inherit&#8221; column_padding_position=&#8221;all&#8221; background_color_opacity=&#8221;1&#8243; background_hover_color_opacity=&#8221;1&#8243; column_shadow=&#8221;none&#8221; column_border_radius=&#8221;none&#8221; column_link_target=&#8221;_self&#8221; gradient_direction=&#8221;left_to_right&#8221; overlay_strength=&#8221;0.3&#8243; width=&#8221;1\/1&#8243; tablet_width_inherit=&#8221;default&#8221; tablet_text_alignment=&#8221;default&#8221; phone_text_alignment=&#8221;default&#8221; column_border_width=&#8221;none&#8221; column_border_style=&#8221;solid&#8221; bg_image_animation=&#8221;none&#8221;][vc_column_text]We offer rental of a float on the Danube near Bratislava on the Hru\u0161ovsk\u00e1 reservoir.<br \/>\nThe float is 6&#215;3 metres or 18 square metres big, catamaran type.<br \/>\nThe vessel has a lot of advantages. It is spacious, comfortable, easy to operate and stable even in strong winds. Turning the float the right way allows for waves to pass right underneath it, which eliminates swaying and banging.<br \/>\nThe float does not require any license, the so-called Boat riding license. [\/vc_column_text][\/vc_column][\/vc_row][vc_row type=&#8221;full_width_content&#8221; full_screen_row_position=&#8221;middle&#8221; column_margin=&#8221;default&#8221; equal_height=&#8221;yes&#8221; content_placement=&#8221;middle&#8221; column_direction=&#8221;default&#8221; column_direction_tablet=&#8221;default&#8221; column_direction_phone=&#8221;default&#8221; scene_position=&#8221;center&#8221; bottom_padding=&#8221;0&#8243; text_color=&#8221;dark&#8221; text_align=&#8221;left&#8221; row_border_radius=&#8221;none&#8221; row_border_radius_applies=&#8221;bg&#8221; class=&#8221;o-nas&#8221; overlay_strength=&#8221;0.3&#8243; gradient_direction=&#8221;left_to_right&#8221; shape_divider_position=&#8221;bottom&#8221; bg_image_animation=&#8221;none&#8221; shape_type=&#8221;&#8221;][vc_column column_padding=&#8221;no-extra-padding&#8221; column_padding_tablet=&#8221;inherit&#8221; column_padding_phone=&#8221;inherit&#8221; column_padding_position=&#8221;all&#8221; background_color_opacity=&#8221;1&#8243; background_hover_color_opacity=&#8221;1&#8243; column_shadow=&#8221;none&#8221; column_border_radius=&#8221;none&#8221; column_link_target=&#8221;_self&#8221; gradient_direction=&#8221;left_to_right&#8221; overlay_strength=&#8221;0.3&#8243; width=&#8221;1\/2&#8243; tablet_width_inherit=&#8221;default&#8221; tablet_text_alignment=&#8221;default&#8221; phone_text_alignment=&#8221;default&#8221; column_border_width=&#8221;none&#8221; column_border_style=&#8221;solid&#8221; bg_image_animation=&#8221;none&#8221;][image_with_animation image_url=&#8221;178&#8243; animation=&#8221;Fade In From Left&#8221; hover_animation=&#8221;none&#8221; alignment=&#8221;right&#8221; border_radius=&#8221;none&#8221; box_shadow=&#8221;none&#8221; image_loading=&#8221;default&#8221; max_width=&#8221;110%&#8221; max_width_mobile=&#8221;default&#8221;][\/vc_column][vc_column column_padding=&#8221;padding-7-percent&#8221; column_padding_tablet=&#8221;inherit&#8221; column_padding_phone=&#8221;inherit&#8221; column_padding_position=&#8221;right&#8221; background_color_opacity=&#8221;1&#8243; background_hover_color_opacity=&#8221;1&#8243; column_shadow=&#8221;none&#8221; column_border_radius=&#8221;none&#8221; column_link_target=&#8221;_self&#8221; el_class=&#8221;padding-column&#8221; gradient_direction=&#8221;left_to_right&#8221; overlay_strength=&#8221;0.3&#8243; width=&#8221;1\/2&#8243; tablet_width_inherit=&#8221;default&#8221; tablet_text_alignment=&#8221;default&#8221; phone_text_alignment=&#8221;default&#8221; column_border_width=&#8221;none&#8221; column_border_style=&#8221;solid&#8221; bg_image_animation=&#8221;none&#8221;][vc_column_text max_width=&#8221;650&#8243;]\n<h3>Rental price includes:<\/h3>\n<ul>\n<li>A tent<\/li>\n<li>Lights<\/li>\n<li>Rechargeable battery (PC, mobile phone, etc.)<\/li>\n<li>Engine 5ps, Mercury, 10l petrol<\/li>\n<li>Chemical toilet<\/li>\n<li>Mandatory vessel equipment (rescue vests, first aid kit, etc.)<\/li>\n<li>Rack stands 2x &#8211; each stand for 3 rods<\/li>\n<li>2x plug-in rod stand for catfish fishing<\/li>\n<li>2x feeder rod stand<\/li>\n<li>Heating<\/li>\n<li>Sun shade<\/li>\n<li>Anchor assistance<\/li>\n<\/ul>\n[\/vc_column_text][\/vc_column][\/vc_row][vc_row type=&#8221;full_width_content&#8221; full_screen_row_position=&#8221;middle&#8221; column_margin=&#8221;default&#8221; equal_height=&#8221;yes&#8221; content_placement=&#8221;middle&#8221; column_direction=&#8221;default&#8221; column_direction_tablet=&#8221;column_reverse&#8221; column_direction_phone=&#8221;column_reverse&#8221; scene_position=&#8221;center&#8221; bottom_padding=&#8221;0&#8243; text_color=&#8221;dark&#8221; text_align=&#8221;left&#8221; row_border_radius=&#8221;none&#8221; row_border_radius_applies=&#8221;bg&#8221; class=&#8221;o-nas&#8221; overlay_strength=&#8221;0.3&#8243; gradient_direction=&#8221;left_to_right&#8221; shape_divider_position=&#8221;bottom&#8221; bg_image_animation=&#8221;none&#8221; shape_type=&#8221;&#8221;][vc_column column_padding=&#8221;padding-7-percent&#8221; column_padding_tablet=&#8221;no-extra-padding&#8221; column_padding_phone=&#8221;no-extra-padding&#8221; column_padding_position=&#8221;left&#8221; background_color_opacity=&#8221;1&#8243; background_hover_color_opacity=&#8221;1&#8243; column_shadow=&#8221;none&#8221; column_border_radius=&#8221;none&#8221; column_link_target=&#8221;_self&#8221; el_class=&#8221;padding-column&#8221; gradient_direction=&#8221;left_to_right&#8221; overlay_strength=&#8221;0.3&#8243; width=&#8221;1\/2&#8243; tablet_width_inherit=&#8221;default&#8221; tablet_text_alignment=&#8221;default&#8221; phone_text_alignment=&#8221;default&#8221; column_border_width=&#8221;none&#8221; column_border_style=&#8221;solid&#8221; bg_image_animation=&#8221;none&#8221;][vc_column_text max_width=&#8221;650&#8243;]\n<h3>More details<\/h3>\n<ul>\n<li>Meals can be arranged by delivery from a restaurant or pizzeria. (daily menu, ready meals)<\/li>\n<li>Hygiene is possible in the motel within 15 minutes distance. (from the farthest point on the Hru\u0161ovsk\u00e1 reservoir)<\/li>\n<li>We cannot influence the Danube River and the weather. When the flood activity increases in Bratislava, the level in the reservoir is usually stable, but the flow of the river intensifies which makes fishing more complicated. In case of extremely increased flow, we reschedule trips.<\/li>\n<li>The season at Hru\u0161ovsk\u00e1 Reservoir begins on June 1st and ends on March 15th.<\/li>\n<li>We know from our own experience that it is not a problem to fish successfully until the end of November, depending on the weather even in December.<\/li>\n<li>From March 15th it is possible to fish on the old Danube riverbed, which is also very interesting.<\/li>\n<li>Float fishing is also interesting for catfish fishermen!<\/li>\n<li>The float will be picked up at a pre-agreed location, which we will specify by phone.<\/li>\n<\/ul>\n[\/vc_column_text][divider line_type=&#8221;No Line&#8221; custom_height=&#8221;30&#8243;][\/vc_column][vc_column column_padding=&#8221;no-extra-padding&#8221; column_padding_tablet=&#8221;inherit&#8221; column_padding_phone=&#8221;inherit&#8221; column_padding_position=&#8221;all&#8221; background_color_opacity=&#8221;1&#8243; background_hover_color_opacity=&#8221;1&#8243; column_shadow=&#8221;none&#8221; column_border_radius=&#8221;none&#8221; column_link_target=&#8221;_self&#8221; gradient_direction=&#8221;left_to_right&#8221; overlay_strength=&#8221;0.3&#8243; width=&#8221;1\/2&#8243; tablet_width_inherit=&#8221;default&#8221; tablet_text_alignment=&#8221;default&#8221; phone_text_alignment=&#8221;default&#8221; column_border_width=&#8221;none&#8221; column_border_style=&#8221;solid&#8221; bg_image_animation=&#8221;none&#8221;][image_with_animation image_url=&#8221;179&#8243; animation=&#8221;Fade In From Right&#8221; hover_animation=&#8221;none&#8221; alignment=&#8221;&#8221; border_radius=&#8221;none&#8221; box_shadow=&#8221;none&#8221; image_loading=&#8221;default&#8221; max_width=&#8221;110%&#8221; max_width_mobile=&#8221;default&#8221;][divider line_type=&#8221;No Line&#8221; custom_height=&#8221;30&#8243;][\/vc_column][\/vc_row][vc_row type=&#8221;in_container&#8221; full_screen_row_position=&#8221;middle&#8221; column_margin=&#8221;default&#8221; column_direction=&#8221;default&#8221; column_direction_tablet=&#8221;default&#8221; column_direction_phone=&#8221;default&#8221; scene_position=&#8221;center&#8221; text_color=&#8221;dark&#8221; text_align=&#8221;left&#8221; row_border_radius=&#8221;none&#8221; row_border_radius_applies=&#8221;bg&#8221; overlay_strength=&#8221;0.3&#8243; gradient_direction=&#8221;left_to_right&#8221; shape_divider_position=&#8221;bottom&#8221; bg_image_animation=&#8221;none&#8221;][vc_column column_padding=&#8221;no-extra-padding&#8221; column_padding_tablet=&#8221;inherit&#8221; column_padding_phone=&#8221;inherit&#8221; column_padding_position=&#8221;all&#8221; background_color_opacity=&#8221;1&#8243; background_hover_color_opacity=&#8221;1&#8243; column_shadow=&#8221;none&#8221; column_border_radius=&#8221;none&#8221; column_link_target=&#8221;_self&#8221; gradient_direction=&#8221;left_to_right&#8221; overlay_strength=&#8221;0.3&#8243; width=&#8221;1\/1&#8243; tablet_width_inherit=&#8221;default&#8221; tablet_text_alignment=&#8221;default&#8221; phone_text_alignment=&#8221;default&#8221; column_border_width=&#8221;none&#8221; column_border_style=&#8221;solid&#8221; bg_image_animation=&#8221;none&#8221;][vc_row_inner equal_height=&#8221;yes&#8221; content_placement=&#8221;middle&#8221; column_margin=&#8221;default&#8221; column_direction=&#8221;default&#8221; column_direction_tablet=&#8221;default&#8221; column_direction_phone=&#8221;default&#8221; text_align=&#8221;left&#8221;][vc_column_inner column_padding=&#8221;no-extra-padding&#8221; column_padding_tablet=&#8221;inherit&#8221; column_padding_phone=&#8221;inherit&#8221; column_padding_position=&#8221;all&#8221; background_color_opacity=&#8221;1&#8243; background_hover_color_opacity=&#8221;1&#8243; column_shadow=&#8221;none&#8221; column_border_radius=&#8221;none&#8221; column_link_target=&#8221;_self&#8221; gradient_direction=&#8221;left_to_right&#8221; overlay_strength=&#8221;0.3&#8243; width=&#8221;1\/2&#8243; tablet_width_inherit=&#8221;default&#8221; column_border_width=&#8221;none&#8221; column_border_style=&#8221;solid&#8221; bg_image_animation=&#8221;none&#8221;][vc_column_text el_class=&#8221;text-with-borders&#8221;]\n<h2>Price list<\/h2>\n<p>Float rental [\/vc_column_text][\/vc_column_inner][vc_column_inner column_padding=&#8221;no-extra-padding&#8221; column_padding_tablet=&#8221;inherit&#8221; column_padding_phone=&#8221;inherit&#8221; column_padding_position=&#8221;all&#8221; background_color_opacity=&#8221;1&#8243; background_hover_color_opacity=&#8221;1&#8243; column_shadow=&#8221;none&#8221; column_border_radius=&#8221;none&#8221; column_link_target=&#8221;_self&#8221; el_class=&#8221;content-align-right&#8221; gradient_direction=&#8221;left_to_right&#8221; overlay_strength=&#8221;0.3&#8243; width=&#8221;1\/2&#8243; tablet_width_inherit=&#8221;default&#8221; column_border_width=&#8221;none&#8221; column_border_style=&#8221;solid&#8221; bg_image_animation=&#8221;none&#8221; offset=&#8221;vc_hidden-sm vc_hidden-xs&#8221;][nectar_btn size=&#8221;large&#8221; button_style=&#8221;see-through&#8221; button_color_2=&#8221;Accent-Color&#8221; color_override=&#8221;#19253f&#8221; icon_family=&#8221;default_arrow&#8221; text=&#8221;I am interested in renting&#8221; url=&#8221;\/en\/contact\/&#8221;][\/vc_column_inner][\/vc_row_inner][vc_column_text]\n<table class=\"cennik\" style=\"height: 76px;\" width=\"576\">\n<tbody>\n<tr>\n<td><\/td>\n<td>1 day \/ 24 hours<\/td>\n<\/tr>\n<tr>\n<td>float rental (2 people)<\/td>\n<td>35\u20ac<\/td>\n<\/tr>\n<tr>\n<td>Rubber boat 270cm (inflatable, solid floor, sonar)<\/td>\n<td>5\u20ac<\/td>\n<\/tr>\n<tr>\n<td>Anchor assistance (1x)<\/td>\n<td>20\u20ac<\/td>\n<\/tr>\n<\/tbody>\n<\/table>\n[\/vc_column_text][vc_row_inner equal_height=&#8221;yes&#8221; content_placement=&#8221;middle&#8221; column_margin=&#8221;default&#8221; column_direction=&#8221;default&#8221; column_direction_tablet=&#8221;default&#8221; column_direction_phone=&#8221;default&#8221; text_align=&#8221;left&#8221;][vc_column_inner column_padding=&#8221;no-extra-padding&#8221; column_padding_tablet=&#8221;inherit&#8221; column_padding_phone=&#8221;inherit&#8221; column_padding_position=&#8221;all&#8221; background_color_opacity=&#8221;1&#8243; background_hover_color_opacity=&#8221;1&#8243; column_shadow=&#8221;none&#8221; column_border_radius=&#8221;none&#8221; column_link_target=&#8221;_self&#8221; gradient_direction=&#8221;left_to_right&#8221; overlay_strength=&#8221;0.3&#8243; width=&#8221;1\/1&#8243; tablet_width_inherit=&#8221;default&#8221; column_border_width=&#8221;none&#8221; column_border_style=&#8221;solid&#8221; bg_image_animation=&#8221;none&#8221; offset=&#8221;vc_hidden-lg vc_hidden-md&#8221;][nectar_btn size=&#8221;large&#8221; button_style=&#8221;see-through&#8221; button_color_2=&#8221;Accent-Color&#8221; color_override=&#8221;#19253f&#8221; icon_family=&#8221;default_arrow&#8221; text=&#8221;I am interested in renting&#8221; url=&#8221;\/en\/contact\/&#8221;][\/vc_column_inner][\/vc_row_inner][\/vc_column][\/vc_row][vc_row type=&#8221;in_container&#8221; full_screen_row_position=&#8221;middle&#8221; column_margin=&#8221;default&#8221; column_direction=&#8221;default&#8221; column_direction_tablet=&#8221;default&#8221; column_direction_phone=&#8221;default&#8221; scene_position=&#8221;center&#8221; text_color=&#8221;dark&#8221; text_align=&#8221;center&#8221; row_border_radius=&#8221;none&#8221; row_border_radius_applies=&#8221;bg&#8221; overlay_strength=&#8221;0.3&#8243; gradient_direction=&#8221;left_to_right&#8221; shape_divider_position=&#8221;bottom&#8221; bg_image_animation=&#8221;none&#8221; shape_type=&#8221;&#8221;][vc_column column_padding=&#8221;no-extra-padding&#8221; column_padding_tablet=&#8221;inherit&#8221; column_padding_phone=&#8221;inherit&#8221; column_padding_position=&#8221;all&#8221; background_color_opacity=&#8221;1&#8243; background_hover_color_opacity=&#8221;1&#8243; column_shadow=&#8221;none&#8221; column_border_radius=&#8221;none&#8221; column_link_target=&#8221;_self&#8221; gradient_direction=&#8221;left_to_right&#8221; overlay_strength=&#8221;0.3&#8243; width=&#8221;1\/1&#8243; tablet_width_inherit=&#8221;default&#8221; tablet_text_alignment=&#8221;default&#8221; phone_text_alignment=&#8221;default&#8221; column_border_width=&#8221;none&#8221; column_border_style=&#8221;solid&#8221; bg_image_animation=&#8221;none&#8221;][divider line_type=&#8221;No Line&#8221; custom_height=&#8221;50&#8243;][vc_column_text el_class=&#8221;text-with-borders&#8221; max_width=&#8221;400&#8243;]\n<h2 style=\"text-align: center;\">Gallery<\/h2>\n<p style=\"text-align: center;\">Float Danubefishing<\/p>\n[\/vc_column_text][vc_gallery type=&#8221;image_grid&#8221; images=&#8221;156,157,158,160,161,166,170,171&#8243; layout=&#8221;4&#8243; item_spacing=&#8221;5px&#8221; gallery_style=&#8221;3&#8243; load_in_animation=&#8221;none&#8221; img_size=&#8221;400&#215;400&#8243;][\/vc_column][\/vc_row]\n","protected":false},"excerpt":{"rendered":"<p>[vc_row type=&#8221;in_container&#8221; full_screen_row_position=&#8221;middle&#8221; column_margin=&#8221;default&#8221; column_direction=&#8221;default&#8221; column_direction_tablet=&#8221;default&#8221; column_direction_phone=&#8221;default&#8221; scene_position=&#8221;center&#8221; text_color=&#8221;dark&#8221; text_align=&#8221;left&#8221; row_border_radius=&#8221;none&#8221; row_border_radius_applies=&#8221;bg&#8221; overlay_strength=&#8221;0.3&#8243; gradient_direction=&#8221;left_to_right&#8221; shape_divider_position=&#8221;bottom&#8221; bg_image_animation=&#8221;none&#8221;][vc_column column_padding=&#8221;no-extra-padding&#8221; column_padding_tablet=&#8221;inherit&#8221; column_padding_phone=&#8221;inherit&#8221; column_padding_position=&#8221;all&#8221;&#8230;<\/p>\n","protected":false},"author":1,"featured_media":0,"parent":0,"menu_order":0,"comment_status":"closed","ping_status":"closed","template":"","meta":{"inline_featured_image":false},"yoast_head":"<!-- This site is optimized with the Yoast SEO plugin v20.7 - https:\/\/yoast.com\/wordpress\/plugins\/seo\/ -->\n<title>Float rental | Lov kaprov z pont\u00f3nu na rieke Dunaj | Danubefishing.com<\/title>\n<meta name=\"description\" content=\"Jedine\u010dn\u00fd z\u00e1\u017eitok na ktor\u00fd nezabudne\u0161. Lov kaprov z pont\u00f3nu na rieke Dunaj. Pon\u00fakame pren\u00e1jom pont\u00f3nu na Dunaji pri Bratislave na Hru\u0161ovskej zdr\u017ei.\" \/>\n<meta name=\"robots\" content=\"index, follow, max-snippet:-1, max-image-preview:large, max-video-preview:-1\" \/>\n<link rel=\"canonical\" href=\"https:\/\/danubefishing.com\/en\/float-rental\/\" \/>\n<meta property=\"og:locale\" content=\"en_US\" \/>\n<meta property=\"og:type\" content=\"article\" \/>\n<meta property=\"og:title\" content=\"Float rental | Lov kaprov z pont\u00f3nu na rieke Dunaj | Danubefishing.com\" \/>\n<meta property=\"og:description\" content=\"Jedine\u010dn\u00fd z\u00e1\u017eitok na ktor\u00fd nezabudne\u0161. Lov kaprov z pont\u00f3nu na rieke Dunaj. Pon\u00fakame pren\u00e1jom pont\u00f3nu na Dunaji pri Bratislave na Hru\u0161ovskej zdr\u017ei.\" \/>\n<meta property=\"og:url\" content=\"https:\/\/danubefishing.com\/en\/float-rental\/\" \/>\n<meta property=\"og:site_name\" content=\"Danubefishing.com\" \/>\n<meta property=\"article:publisher\" content=\"https:\/\/www.facebook.com\/Danubefishing-735262176873015\" \/>\n<meta property=\"article:modified_time\" content=\"2021-04-07T11:50:57+00:00\" \/>\n<meta property=\"og:image\" content=\"https:\/\/danubefishing.com\/wp-content\/uploads\/2021\/01\/og-image.jpg\" \/>\n\t<meta property=\"og:image:width\" content=\"1200\" \/>\n\t<meta property=\"og:image:height\" content=\"630\" \/>\n\t<meta property=\"og:image:type\" content=\"image\/jpeg\" \/>\n<meta name=\"twitter:card\" content=\"summary_large_image\" \/>\n<meta name=\"twitter:label1\" content=\"Est. reading time\" \/>\n\t<meta name=\"twitter:data1\" content=\"4 minutes\" \/>\n<script type=\"application\/ld+json\" class=\"yoast-schema-graph\">{\"@context\":\"https:\/\/schema.org\",\"@graph\":[{\"@type\":\"WebPage\",\"@id\":\"https:\/\/danubefishing.com\/en\/float-rental\/\",\"url\":\"https:\/\/danubefishing.com\/en\/float-rental\/\",\"name\":\"Float rental | Lov kaprov z pont\u00f3nu na rieke Dunaj | Danubefishing.com\",\"isPartOf\":{\"@id\":\"https:\/\/danubefishing.com\/#website\"},\"datePublished\":\"2021-01-17T14:26:54+00:00\",\"dateModified\":\"2021-04-07T11:50:57+00:00\",\"description\":\"Jedine\u010dn\u00fd z\u00e1\u017eitok na ktor\u00fd nezabudne\u0161. Lov kaprov z pont\u00f3nu na rieke Dunaj. Pon\u00fakame pren\u00e1jom pont\u00f3nu na Dunaji pri Bratislave na Hru\u0161ovskej zdr\u017ei.\",\"breadcrumb\":{\"@id\":\"https:\/\/danubefishing.com\/en\/float-rental\/#breadcrumb\"},\"inLanguage\":\"en-US\",\"potentialAction\":[{\"@type\":\"ReadAction\",\"target\":[\"https:\/\/danubefishing.com\/en\/float-rental\/\"]}]},{\"@type\":\"BreadcrumbList\",\"@id\":\"https:\/\/danubefishing.com\/en\/float-rental\/#breadcrumb\",\"itemListElement\":[{\"@type\":\"ListItem\",\"position\":1,\"name\":\"Domovsk\u00e1 str\u00e1nka\",\"item\":\"https:\/\/danubefishing.com\/en\/\"},{\"@type\":\"ListItem\",\"position\":2,\"name\":\"Float rental\"}]},{\"@type\":\"WebSite\",\"@id\":\"https:\/\/danubefishing.com\/#website\",\"url\":\"https:\/\/danubefishing.com\/\",\"name\":\"Danubefishing.com\",\"description\":\"\",\"potentialAction\":[{\"@type\":\"SearchAction\",\"target\":{\"@type\":\"EntryPoint\",\"urlTemplate\":\"https:\/\/danubefishing.com\/?s={search_term_string}\"},\"query-input\":\"required name=search_term_string\"}],\"inLanguage\":\"en-US\"}]}<\/script>\n<!-- \/ Yoast SEO plugin. -->","yoast_head_json":{"title":"Float rental | Lov kaprov z pont\u00f3nu na rieke Dunaj | Danubefishing.com","description":"Jedine\u010dn\u00fd z\u00e1\u017eitok na ktor\u00fd nezabudne\u0161. Lov kaprov z pont\u00f3nu na rieke Dunaj. Pon\u00fakame pren\u00e1jom pont\u00f3nu na Dunaji pri Bratislave na Hru\u0161ovskej zdr\u017ei.","robots":{"index":"index","follow":"follow","max-snippet":"max-snippet:-1","max-image-preview":"max-image-preview:large","max-video-preview":"max-video-preview:-1"},"canonical":"https:\/\/danubefishing.com\/en\/float-rental\/","og_locale":"en_US","og_type":"article","og_title":"Float rental | Lov kaprov z pont\u00f3nu na rieke Dunaj | Danubefishing.com","og_description":"Jedine\u010dn\u00fd z\u00e1\u017eitok na ktor\u00fd nezabudne\u0161. Lov kaprov z pont\u00f3nu na rieke Dunaj. Pon\u00fakame pren\u00e1jom pont\u00f3nu na Dunaji pri Bratislave na Hru\u0161ovskej zdr\u017ei.","og_url":"https:\/\/danubefishing.com\/en\/float-rental\/","og_site_name":"Danubefishing.com","article_publisher":"https:\/\/www.facebook.com\/Danubefishing-735262176873015","article_modified_time":"2021-04-07T11:50:57+00:00","og_image":[{"width":1200,"height":630,"url":"https:\/\/danubefishing.com\/wp-content\/uploads\/2021\/01\/og-image.jpg","type":"image\/jpeg"}],"twitter_card":"summary_large_image","twitter_misc":{"Est. reading time":"4 minutes"},"schema":{"@context":"https:\/\/schema.org","@graph":[{"@type":"WebPage","@id":"https:\/\/danubefishing.com\/en\/float-rental\/","url":"https:\/\/danubefishing.com\/en\/float-rental\/","name":"Float rental | Lov kaprov z pont\u00f3nu na rieke Dunaj | Danubefishing.com","isPartOf":{"@id":"https:\/\/danubefishing.com\/#website"},"datePublished":"2021-01-17T14:26:54+00:00","dateModified":"2021-04-07T11:50:57+00:00","description":"Jedine\u010dn\u00fd z\u00e1\u017eitok na ktor\u00fd nezabudne\u0161. Lov kaprov z pont\u00f3nu na rieke Dunaj. Pon\u00fakame pren\u00e1jom pont\u00f3nu na Dunaji pri Bratislave na Hru\u0161ovskej zdr\u017ei.","breadcrumb":{"@id":"https:\/\/danubefishing.com\/en\/float-rental\/#breadcrumb"},"inLanguage":"en-US","potentialAction":[{"@type":"ReadAction","target":["https:\/\/danubefishing.com\/en\/float-rental\/"]}]},{"@type":"BreadcrumbList","@id":"https:\/\/danubefishing.com\/en\/float-rental\/#breadcrumb","itemListElement":[{"@type":"ListItem","position":1,"name":"Domovsk\u00e1 str\u00e1nka","item":"https:\/\/danubefishing.com\/en\/"},{"@type":"ListItem","position":2,"name":"Float rental"}]},{"@type":"WebSite","@id":"https:\/\/danubefishing.com\/#website","url":"https:\/\/danubefishing.com\/","name":"Danubefishing.com","description":"","potentialAction":[{"@type":"SearchAction","target":{"@type":"EntryPoint","urlTemplate":"https:\/\/danubefishing.com\/?s={search_term_string}"},"query-input":"required name=search_term_string"}],"inLanguage":"en-US"}]}},"_links":{"self":[{"href":"https:\/\/danubefishing.com\/en\/wp-json\/wp\/v2\/pages\/884\/"}],"collection":[{"href":"https:\/\/danubefishing.com\/en\/wp-json\/wp\/v2\/pages\/"}],"about":[{"href":"https:\/\/danubefishing.com\/en\/wp-json\/wp\/v2\/types\/page\/"}],"author":[{"embeddable":true,"href":"https:\/\/danubefishing.com\/en\/wp-json\/wp\/v2\/users\/1\/"}],"replies":[{"embeddable":true,"href":"https:\/\/danubefishing.com\/en\/wp-json\/wp\/v2\/comments\/?post=884"}],"version-history":[{"count":3,"href":"https:\/\/danubefishing.com\/en\/wp-json\/wp\/v2\/pages\/884\/revisions\/"}],"predecessor-version":[{"id":955,"href":"https:\/\/danubefishing.com\/en\/wp-json\/wp\/v2\/pages\/884\/revisions\/955\/"}],"wp:attachment":[{"href":"https:\/\/danubefishing.com\/en\/wp-json\/wp\/v2\/media\/?parent=884"}],"curies":[{"name":"wp","href":"https:\/\/api.w.org\/{rel}","templated":true}]}}