{"id":891,"date":"2021-01-18T22:04:01","date_gmt":"2021-01-18T21:04:01","guid":{"rendered":"https:\/\/danubefishing.com\/kde-lovime\/"},"modified":"2021-03-31T13:24:36","modified_gmt":"2021-03-31T11:24:36","slug":"where-we-fish","status":"publish","type":"page","link":"https:\/\/danubefishing.com\/en\/where-we-fish\/","title":{"rendered":"Where we fish"},"content":{"rendered":"[vc_row type=&#8221;in_container&#8221; full_screen_row_position=&#8221;middle&#8221; column_margin=&#8221;default&#8221; column_direction=&#8221;default&#8221; column_direction_tablet=&#8221;default&#8221; column_direction_phone=&#8221;default&#8221; scene_position=&#8221;center&#8221; text_color=&#8221;dark&#8221; text_align=&#8221;left&#8221; row_border_radius=&#8221;none&#8221; row_border_radius_applies=&#8221;bg&#8221; id=&#8221;mapa&#8221; overlay_strength=&#8221;0.3&#8243; gradient_direction=&#8221;left_to_right&#8221; shape_divider_position=&#8221;bottom&#8221; bg_image_animation=&#8221;none&#8221; shape_type=&#8221;&#8221;][vc_column column_padding=&#8221;no-extra-padding&#8221; column_padding_tablet=&#8221;inherit&#8221; column_padding_phone=&#8221;inherit&#8221; column_padding_position=&#8221;all&#8221; background_color_opacity=&#8221;1&#8243; background_hover_color_opacity=&#8221;1&#8243; column_shadow=&#8221;none&#8221; column_border_radius=&#8221;none&#8221; column_link_target=&#8221;_self&#8221; gradient_direction=&#8221;left_to_right&#8221; overlay_strength=&#8221;0.3&#8243; width=&#8221;1\/1&#8243; tablet_width_inherit=&#8221;default&#8221; tablet_text_alignment=&#8221;default&#8221; phone_text_alignment=&#8221;default&#8221; column_border_width=&#8221;none&#8221; column_border_style=&#8221;solid&#8221; bg_image_animation=&#8221;none&#8221;][vc_column_text el_class=&#8221;text-with-borders&#8221;]\n<h1>Where we fish<\/h1>\n<p>About Hru\u0161ovsk\u00e1 dam [\/vc_column_text][divider line_type=&#8221;No Line&#8221; custom_height=&#8221;20&#8243;][nectar_image_with_hotspots image=&#8221;358&#8243; preview=&#8221;https:\/\/danubefishing.com\/wp-content\/uploads\/2021\/01\/hrusovska-mapa-2.jpg&#8221; color_1=&#8221;Accent-Color&#8221; hotspot_icon=&#8221;numerical&#8221; tooltip=&#8221;click&#8221; tooltip_shadow=&#8221;none&#8221;][nectar_hotspot left=&#8221;36.8627%&#8221; top=&#8221;39.5947%&#8221; position=&#8221;top&#8221;](Hru\u0161ovsk\u00e1 Reservoir)<br \/>\nDistrict (2-0610-1-1)<br \/>\nFishing allowed from June 1st to March 15th [\/nectar_hotspot][nectar_hotspot left=&#8221;39.3725%&#8221; top=&#8221;22.305%&#8221; position=&#8221;top&#8221;](Hru\u0161ovsk\u00e1 Reservoir)<br \/>\nDistrict (2-0610-1-1)<br \/>\nFishing allowed from 1.6. to 15.3. [\/nectar_hotspot][nectar_hotspot left=&#8221;45.4902%&#8221; top=&#8221;52.4139%&#8221; position=&#8221;top&#8221;]Old Danube riverbed (2-0510-1-1)<br \/>\nFishing allowed all year round in compliance with individual fish protection. [\/nectar_hotspot][nectar_hotspot left=&#8221;59.451%&#8221; top=&#8221;73.3376%&#8221; position=&#8221;top&#8221;]Protected bird area.<br \/>\nFishing allowed only in a certain period under the stricter regime CHV\u00da &#8211; \u0160OPSR. Year-round ban on motor boating and sport sailing. More info http:\/\/www.sopsr.sk\/<br \/>\n(Hru\u0161ovsk\u00e1 Reservoir) [\/nectar_hotspot][nectar_hotspot left=&#8221;85.0196%&#8221; top=&#8221;78.915%&#8221; position=&#8221;top&#8221;]General year-round ban on fishing.<br \/>\nProhibition of sport boating.<br \/>\n(Danube main stream)[\/nectar_hotspot][nectar_hotspot left=&#8221;51.1373%&#8221; top=&#8221;47.9608%&#8221; position=&#8221;top&#8221;]Fairway, prohibition of cruising after dark by small vessels, staying and anchoring on the waterway-fairway. Comply with Act no. 338\/2000 on inland navigation.<br \/>\n(Danube main stream) [\/nectar_hotspot][\/nectar_image_with_hotspots][\/vc_column][\/vc_row][vc_row type=&#8221;in_container&#8221; full_screen_row_position=&#8221;middle&#8221; column_margin=&#8221;default&#8221; column_direction=&#8221;default&#8221; column_direction_tablet=&#8221;default&#8221; column_direction_phone=&#8221;default&#8221; scene_position=&#8221;center&#8221; text_color=&#8221;dark&#8221; text_align=&#8221;left&#8221; row_border_radius=&#8221;none&#8221; row_border_radius_applies=&#8221;bg&#8221; overlay_strength=&#8221;0.3&#8243; gradient_direction=&#8221;left_to_right&#8221; shape_divider_position=&#8221;bottom&#8221; bg_image_animation=&#8221;none&#8221;][vc_column column_padding=&#8221;no-extra-padding&#8221; column_padding_tablet=&#8221;inherit&#8221; column_padding_phone=&#8221;inherit&#8221; column_padding_position=&#8221;all&#8221; background_color_opacity=&#8221;1&#8243; background_hover_color_opacity=&#8221;1&#8243; column_shadow=&#8221;none&#8221; column_border_radius=&#8221;none&#8221; column_link_target=&#8221;_self&#8221; gradient_direction=&#8221;left_to_right&#8221; overlay_strength=&#8221;0.3&#8243; width=&#8221;1\/1&#8243; tablet_width_inherit=&#8221;default&#8221; tablet_text_alignment=&#8221;default&#8221; phone_text_alignment=&#8221;default&#8221; column_border_width=&#8221;none&#8221; column_border_style=&#8221;solid&#8221; bg_image_animation=&#8221;none&#8221;][vc_column_text el_class=&#8221;text-with-borders&#8221;]\n<h3>Danube &#8211; hru\u0161ovsk\u00e1 zdr\u017e<\/h3>\n<p>Information [\/vc_column_text][divider line_type=&#8221;No Line&#8221; custom_height=&#8221;20&#8243;][vc_column_text]The Hru\u0161ovsk\u00e1 reservoir is part of the Gab\u010d\u00edkovo Waterworks since it begun operation in 1992. It was in this area, in the vicinity of the former Hru\u0161ov settlement, that the Waterworks damaged the Danube riverbank forests the most &#8211; the left branches of the Danube and the forests from Kalinkov to Mlie\u010dno (part of \u0160amor\u00edn) were flooded. Instead of an extensive and articulated river stream system, there<br \/>\nis a vast body of water with an area of approximately 25 square kilometres.<br \/>\nOver the course of time the situation improves slightly by the fact that the deposition of extracted sediments created the so-called bird islands. Together with the shallow bay at Kalinkov they provide nesting and wintering space for many species of water birds. The Hru\u0161ovsk\u00e1 reservoir is part of the Danube\u2019s Protected Bird Area.<\/p>\n<p>&nbsp;<\/p>\n<h2>DISTRICT<\/h2>\n<p><strong>Danube no. 3 &#8211; 2-0610-1-1 (character of the district: carp &#8211; fishing) <\/strong><br \/>\nThe water area on the left side of the resevoir from the outlet of the pipeline from the \u010cOV \u0160amor\u00edn near the village of \u010cilistov Bratislava countryside, after rkm 1862 and the adjacent water areas connected to the reservoir (outside Rusovecko &#8211; Jaroveck\u00e1 system of arms &#8211; separate district no. 1-0130-1-1). The water area of the reservoir on the right side from pkm 29 VD (&#8220;Stop sport sailing&#8221; sign) to rkm 1862 and the adjacent water areas connected to the reservoir. The district is not a border water. Increased minimum \/ maximum fishing rate in cm: Great Zander 55 \/, Great Catfish 90 \/ x, Common barbel 50 \/ x, Squalius Cephalus 35 \/ x, Ide or Orfe 35 \/ x, Common Dace 25 \/ x, Asp (predatory boletus) 50 \/ x, European green perch x \/ 10.<\/p>\n<p><strong>Increased minimum \/ maximum fishing rate in cm: example &#8211; Zander 55 \/ x. <\/strong><br \/>\n<strong>Explanation: <\/strong>The number 55 in place of the minimum fishing rate means that the statutory minimum fishing rate for the great Zander has been increased to 35 cm. The letter x in place of the maximum fishing rate indicates that the maximum fishing rate of the Great Zander has not been set. This means that you can appropriate a Great Zander as long as its length is at least 55 centimeters.<\/p>\n<p>Fishing from boats is allowed. During the voyage on the Danube River, it is necessary to comply with all current regulations on inland navigation and to monitor the current navigation measures imposed by the Transport Authority of the Slovak Republic.<\/p>\n<h3>Fish species<\/h3>\n<p>It is possible to catch practically all lowland fish species that occur in Slovakia in the Danube River. The most common are Carp, Grass Carp, Catfish, Zander, Bream and Marl (Common Barbel). During the targeted fishing, you can also successfully hunt for Burbot in the winter. Other common fish species include all species of Squalius, Nase, Asps, Northern Pike.<\/p>\n<h3>Hunting method<\/h3>\n<p>Permitted hunting methods according to Act no. 216\/2018 Coll. on fisheries and its implementing decree no. 381\/2018 Z.z..<\/p>\n<h3>Launching a boat on a water area<\/h3>\n<p>At the VD Hru\u0161ov &#8211; \u010cunovo reservoir, there are several options where it is possible to launch a boat on the water surface. On the left side, you must go through the ramp for which you will need to obtain an electronic chip, which you can get at the Ministry of<br \/>\nDefense SRZ Dunajsk\u00e1 Lu\u017en\u00e1 and MO SRZ \u0160amor\u00edn. On the right side there are freely accessible places to launch the boat at the Danubiane and Rusovecko &#8211; Jaroveck\u00e1 arm system.<\/p>\n<h3>Permits<\/h3>\n<p>Permits are sold daily, weekly and seasonally. For non-members of SRZ daily and weekly.<\/p>\n<h3>More about the water works of \u010dunovo:<\/h3>\n<ul>\n<li>Weir Dunakiliti: built on Hungarian territory. Its task is to raise the water level and thus provide the power plant with the required slope and flow. Additional weir facilities are the winter port, operational facilities and the access road to the village. Hungary refused to put it into operation.<\/li>\n<li>Hru\u0161ov Reservoir: its task is to accumulate water for the top operation of the Gab\u010d\u00edkovo power plant. It is about 16 kilometers long and 1 to 4 kilometers wide. It is built mainly on Slovak territory.<\/li>\n<li>Supply channel: Provides water supply from the Hru\u0161ov reservoir to the hydroelectric power plant. It also forms an international waterway and helps drain water in the event of floods. It is located above the ground, so it must be sealed on all sides. It is 17 kilometers long.<\/li>\n<li>Gab\u010d\u00edkovo stage: it consists of 2 main buildings: a hydroelectric power plant and lock chamber. It was built to use the created slope for the production of electricity, to overcome the difference in levels of the lock chambers and to drain any flood waters. The chambers are situated on the left side of the river, the power plant on the right produces an average of 2650 GWh per year during peak operation. Above the water level leads 10 meters wide road bridge. The operation of the hydroelectric power plant is fully automated. Each of the chambers has floor plan dimensions of 34 x 275 meters with a minimum water depth of 4.5 meters and allows ships to overcome the height difference in the range of 16 &#8211; 23.3 meters. The crossing is controlled from the control room, which is situated on a thirty-meter pillar.<\/li>\n<li>Waste channel: it drains the water from the<br \/>\nGab\u010d\u00edkovo hydroelectric power plant back to the original Danube riverbed and, in addition, like the supply channel, it helps to transfer parts of the flood flows. The canal has a cup shape and is 8.2 kilometers long. The width of the bottom is 185 meters. The canal empties into the Danube near the village of Sap (Palkovi\u010dovo).<\/li>\n<li>Regulatory measures in the old Danube riverbed and branches.<\/li>\n<\/ul>\n<p>In addition to fishing, there are several ways to spend time effectively in the vicinity. The capital of Slovakia, Bratislava, is within easy reach, and in the vicinity of the reservoir there are the towns of \u0160amor\u00edn, Hamuliakovo, Rusovce and \u010cunovo. Sports activities can be performed in the X-Bionic Sphere Olympic sports complex in \u0160amor\u00edn, or in water sports facilities. Of the cultural opportunities, the Danubian Museum of Modern Art, located directly on the peninsula of the reservoir, is worth mentioning. Of course, there are many other interesting opportunities within reach, whether accommodation, culinary, recreational, cultural &#8230; [\/vc_column_text][vc_column_text]Source: <a href=\"https:\/\/www.srzrada.sk\/rybarske-reviry\/zapadne-slovensko\/dunaj-c-3\/dunaj-c-3-zdrz-cunovo-hrusov\/\">www.srzrada.sk<\/a>[\/vc_column_text][divider line_type=&#8221;No Line&#8221; custom_height=&#8221;30&#8243;][vc_column_text el_class=&#8221;text-with-borders&#8221;]\n<h2>Purchase of permits<\/h2>\n<p>Information\u00a0&gt; <u><a href=\"https:\/\/srzbratislava5.sk\/hostovacky\/\" target=\"_blank\" rel=\"noopener\">Guest permits for 2021<\/a><\/u>[\/vc_column_text][vc_column_text]* contact us for more info[\/vc_column_text][\/vc_column][\/vc_row]\n","protected":false},"excerpt":{"rendered":"<p>[vc_row type=&#8221;in_container&#8221; full_screen_row_position=&#8221;middle&#8221; column_margin=&#8221;default&#8221; column_direction=&#8221;default&#8221; column_direction_tablet=&#8221;default&#8221; column_direction_phone=&#8221;default&#8221; scene_position=&#8221;center&#8221; text_color=&#8221;dark&#8221; text_align=&#8221;left&#8221; row_border_radius=&#8221;none&#8221; row_border_radius_applies=&#8221;bg&#8221; id=&#8221;mapa&#8221; overlay_strength=&#8221;0.3&#8243; gradient_direction=&#8221;left_to_right&#8221; shape_divider_position=&#8221;bottom&#8221; bg_image_animation=&#8221;none&#8221; shape_type=&#8221;&#8221;][vc_column column_padding=&#8221;no-extra-padding&#8221; column_padding_tablet=&#8221;inherit&#8221;&#8230;<\/p>\n","protected":false},"author":1,"featured_media":0,"parent":0,"menu_order":0,"comment_status":"closed","ping_status":"closed","template":"","meta":{"inline_featured_image":false},"yoast_head":"<!-- This site is optimized with the Yoast SEO plugin v20.7 - https:\/\/yoast.com\/wordpress\/plugins\/seo\/ -->\n<title>Where we fish | Lov kaprov z pont\u00f3nu na rieke Dunaj | Danubefishing.com<\/title>\n<meta name=\"description\" content=\"Jedine\u010dn\u00fd z\u00e1\u017eitok na ktor\u00fd nezabudne\u0161. Lov kaprov z pont\u00f3nu na rieke Dunaj. Pon\u00fakame pren\u00e1jom pont\u00f3nu na Dunaji pri Bratislave na Hru\u0161ovskej zdr\u017ei.\" \/>\n<meta name=\"robots\" content=\"index, follow, max-snippet:-1, max-image-preview:large, max-video-preview:-1\" \/>\n<link rel=\"canonical\" href=\"https:\/\/danubefishing.com\/en\/where-we-fish\/\" \/>\n<meta property=\"og:locale\" content=\"en_US\" \/>\n<meta property=\"og:type\" content=\"article\" \/>\n<meta property=\"og:title\" content=\"Where we fish | Lov kaprov z pont\u00f3nu na rieke Dunaj | Danubefishing.com\" \/>\n<meta property=\"og:description\" content=\"Jedine\u010dn\u00fd z\u00e1\u017eitok na ktor\u00fd nezabudne\u0161. Lov kaprov z pont\u00f3nu na rieke Dunaj. Pon\u00fakame pren\u00e1jom pont\u00f3nu na Dunaji pri Bratislave na Hru\u0161ovskej zdr\u017ei.\" \/>\n<meta property=\"og:url\" content=\"https:\/\/danubefishing.com\/en\/where-we-fish\/\" \/>\n<meta property=\"og:site_name\" content=\"Danubefishing.com\" \/>\n<meta property=\"article:publisher\" content=\"https:\/\/www.facebook.com\/Danubefishing-735262176873015\" \/>\n<meta property=\"article:modified_time\" content=\"2021-03-31T11:24:36+00:00\" \/>\n<meta property=\"og:image\" content=\"https:\/\/danubefishing.com\/wp-content\/uploads\/2021\/01\/og-image.jpg\" \/>\n\t<meta property=\"og:image:width\" content=\"1200\" \/>\n\t<meta property=\"og:image:height\" content=\"630\" \/>\n\t<meta property=\"og:image:type\" content=\"image\/jpeg\" \/>\n<meta name=\"twitter:card\" content=\"summary_large_image\" \/>\n<meta name=\"twitter:label1\" content=\"Est. reading time\" \/>\n\t<meta name=\"twitter:data1\" content=\"6 minutes\" \/>\n<script type=\"application\/ld+json\" class=\"yoast-schema-graph\">{\"@context\":\"https:\/\/schema.org\",\"@graph\":[{\"@type\":\"WebPage\",\"@id\":\"https:\/\/danubefishing.com\/en\/where-we-fish\/\",\"url\":\"https:\/\/danubefishing.com\/en\/where-we-fish\/\",\"name\":\"Where we fish | Lov kaprov z pont\u00f3nu na rieke Dunaj | Danubefishing.com\",\"isPartOf\":{\"@id\":\"https:\/\/danubefishing.com\/#website\"},\"datePublished\":\"2021-01-18T21:04:01+00:00\",\"dateModified\":\"2021-03-31T11:24:36+00:00\",\"description\":\"Jedine\u010dn\u00fd z\u00e1\u017eitok na ktor\u00fd nezabudne\u0161. Lov kaprov z pont\u00f3nu na rieke Dunaj. Pon\u00fakame pren\u00e1jom pont\u00f3nu na Dunaji pri Bratislave na Hru\u0161ovskej zdr\u017ei.\",\"breadcrumb\":{\"@id\":\"https:\/\/danubefishing.com\/en\/where-we-fish\/#breadcrumb\"},\"inLanguage\":\"en-US\",\"potentialAction\":[{\"@type\":\"ReadAction\",\"target\":[\"https:\/\/danubefishing.com\/en\/where-we-fish\/\"]}]},{\"@type\":\"BreadcrumbList\",\"@id\":\"https:\/\/danubefishing.com\/en\/where-we-fish\/#breadcrumb\",\"itemListElement\":[{\"@type\":\"ListItem\",\"position\":1,\"name\":\"Domovsk\u00e1 str\u00e1nka\",\"item\":\"https:\/\/danubefishing.com\/en\/\"},{\"@type\":\"ListItem\",\"position\":2,\"name\":\"Where we fish\"}]},{\"@type\":\"WebSite\",\"@id\":\"https:\/\/danubefishing.com\/#website\",\"url\":\"https:\/\/danubefishing.com\/\",\"name\":\"Danubefishing.com\",\"description\":\"\",\"potentialAction\":[{\"@type\":\"SearchAction\",\"target\":{\"@type\":\"EntryPoint\",\"urlTemplate\":\"https:\/\/danubefishing.com\/?s={search_term_string}\"},\"query-input\":\"required name=search_term_string\"}],\"inLanguage\":\"en-US\"}]}<\/script>\n<!-- \/ Yoast SEO plugin. -->","yoast_head_json":{"title":"Where we fish | Lov kaprov z pont\u00f3nu na rieke Dunaj | Danubefishing.com","description":"Jedine\u010dn\u00fd z\u00e1\u017eitok na ktor\u00fd nezabudne\u0161. Lov kaprov z pont\u00f3nu na rieke Dunaj. Pon\u00fakame pren\u00e1jom pont\u00f3nu na Dunaji pri Bratislave na Hru\u0161ovskej zdr\u017ei.","robots":{"index":"index","follow":"follow","max-snippet":"max-snippet:-1","max-image-preview":"max-image-preview:large","max-video-preview":"max-video-preview:-1"},"canonical":"https:\/\/danubefishing.com\/en\/where-we-fish\/","og_locale":"en_US","og_type":"article","og_title":"Where we fish | Lov kaprov z pont\u00f3nu na rieke Dunaj | Danubefishing.com","og_description":"Jedine\u010dn\u00fd z\u00e1\u017eitok na ktor\u00fd nezabudne\u0161. Lov kaprov z pont\u00f3nu na rieke Dunaj. Pon\u00fakame pren\u00e1jom pont\u00f3nu na Dunaji pri Bratislave na Hru\u0161ovskej zdr\u017ei.","og_url":"https:\/\/danubefishing.com\/en\/where-we-fish\/","og_site_name":"Danubefishing.com","article_publisher":"https:\/\/www.facebook.com\/Danubefishing-735262176873015","article_modified_time":"2021-03-31T11:24:36+00:00","og_image":[{"width":1200,"height":630,"url":"https:\/\/danubefishing.com\/wp-content\/uploads\/2021\/01\/og-image.jpg","type":"image\/jpeg"}],"twitter_card":"summary_large_image","twitter_misc":{"Est. reading time":"6 minutes"},"schema":{"@context":"https:\/\/schema.org","@graph":[{"@type":"WebPage","@id":"https:\/\/danubefishing.com\/en\/where-we-fish\/","url":"https:\/\/danubefishing.com\/en\/where-we-fish\/","name":"Where we fish | Lov kaprov z pont\u00f3nu na rieke Dunaj | Danubefishing.com","isPartOf":{"@id":"https:\/\/danubefishing.com\/#website"},"datePublished":"2021-01-18T21:04:01+00:00","dateModified":"2021-03-31T11:24:36+00:00","description":"Jedine\u010dn\u00fd z\u00e1\u017eitok na ktor\u00fd nezabudne\u0161. Lov kaprov z pont\u00f3nu na rieke Dunaj. Pon\u00fakame pren\u00e1jom pont\u00f3nu na Dunaji pri Bratislave na Hru\u0161ovskej zdr\u017ei.","breadcrumb":{"@id":"https:\/\/danubefishing.com\/en\/where-we-fish\/#breadcrumb"},"inLanguage":"en-US","potentialAction":[{"@type":"ReadAction","target":["https:\/\/danubefishing.com\/en\/where-we-fish\/"]}]},{"@type":"BreadcrumbList","@id":"https:\/\/danubefishing.com\/en\/where-we-fish\/#breadcrumb","itemListElement":[{"@type":"ListItem","position":1,"name":"Domovsk\u00e1 str\u00e1nka","item":"https:\/\/danubefishing.com\/en\/"},{"@type":"ListItem","position":2,"name":"Where we fish"}]},{"@type":"WebSite","@id":"https:\/\/danubefishing.com\/#website","url":"https:\/\/danubefishing.com\/","name":"Danubefishing.com","description":"","potentialAction":[{"@type":"SearchAction","target":{"@type":"EntryPoint","urlTemplate":"https:\/\/danubefishing.com\/?s={search_term_string}"},"query-input":"required name=search_term_string"}],"inLanguage":"en-US"}]}},"_links":{"self":[{"href":"https:\/\/danubefishing.com\/en\/wp-json\/wp\/v2\/pages\/891\/"}],"collection":[{"href":"https:\/\/danubefishing.com\/en\/wp-json\/wp\/v2\/pages\/"}],"about":[{"href":"https:\/\/danubefishing.com\/en\/wp-json\/wp\/v2\/types\/page\/"}],"author":[{"embeddable":true,"href":"https:\/\/danubefishing.com\/en\/wp-json\/wp\/v2\/users\/1\/"}],"replies":[{"embeddable":true,"href":"https:\/\/danubefishing.com\/en\/wp-json\/wp\/v2\/comments\/?post=891"}],"version-history":[{"count":4,"href":"https:\/\/danubefishing.com\/en\/wp-json\/wp\/v2\/pages\/891\/revisions\/"}],"predecessor-version":[{"id":898,"href":"https:\/\/danubefishing.com\/en\/wp-json\/wp\/v2\/pages\/891\/revisions\/898\/"}],"wp:attachment":[{"href":"https:\/\/danubefishing.com\/en\/wp-json\/wp\/v2\/media\/?parent=891"}],"curies":[{"name":"wp","href":"https:\/\/api.w.org\/{rel}","templated":true}]}}