{"id":900,"date":"2021-01-17T17:52:29","date_gmt":"2021-01-17T16:52:29","guid":{"rendered":"https:\/\/danubefishing.com\/kontakt\/"},"modified":"2021-04-07T13:37:43","modified_gmt":"2021-04-07T11:37:43","slug":"contact","status":"publish","type":"page","link":"https:\/\/danubefishing.com\/en\/contact\/","title":{"rendered":"Contact"},"content":{"rendered":"[vc_row type=&#8221;in_container&#8221; full_screen_row_position=&#8221;middle&#8221; column_margin=&#8221;default&#8221; column_direction=&#8221;default&#8221; column_direction_tablet=&#8221;default&#8221; column_direction_phone=&#8221;default&#8221; scene_position=&#8221;center&#8221; text_color=&#8221;dark&#8221; text_align=&#8221;left&#8221; row_border_radius=&#8221;none&#8221; row_border_radius_applies=&#8221;bg&#8221; overlay_strength=&#8221;0.3&#8243; gradient_direction=&#8221;left_to_right&#8221; shape_divider_position=&#8221;bottom&#8221; bg_image_animation=&#8221;none&#8221;][vc_column column_padding=&#8221;no-extra-padding&#8221; column_padding_tablet=&#8221;inherit&#8221; column_padding_phone=&#8221;inherit&#8221; column_padding_position=&#8221;all&#8221; background_color_opacity=&#8221;1&#8243; background_hover_color_opacity=&#8221;1&#8243; column_shadow=&#8221;none&#8221; column_border_radius=&#8221;none&#8221; column_link_target=&#8221;_self&#8221; gradient_direction=&#8221;left_to_right&#8221; overlay_strength=&#8221;0.3&#8243; width=&#8221;1\/1&#8243; tablet_width_inherit=&#8221;default&#8221; tablet_text_alignment=&#8221;default&#8221; phone_text_alignment=&#8221;default&#8221; column_border_width=&#8221;none&#8221; column_border_style=&#8221;solid&#8221; bg_image_animation=&#8221;none&#8221;][vc_column_text el_class=&#8221;text-with-borders&#8221;]\n<h1>Contact<\/h1>\n<p>Feel free to contact us[\/vc_column_text][divider line_type=&#8221;No Line&#8221; custom_height=&#8221;60&#8243;][vc_column_text el_class=&#8221;text-with-borders&#8221;]\n<h3>Float rental<\/h3>\n[\/vc_column_text][vc_row_inner column_margin=&#8221;50px&#8221; column_direction=&#8221;default&#8221; column_direction_tablet=&#8221;default&#8221; column_direction_phone=&#8221;default&#8221; text_align=&#8221;left&#8221;][vc_column_inner column_padding=&#8221;no-extra-padding&#8221; column_padding_tablet=&#8221;inherit&#8221; column_padding_phone=&#8221;inherit&#8221; column_padding_position=&#8221;all&#8221; background_color_opacity=&#8221;1&#8243; background_hover_color_opacity=&#8221;1&#8243; column_shadow=&#8221;none&#8221; column_border_radius=&#8221;none&#8221; column_link_target=&#8221;_self&#8221; gradient_direction=&#8221;left_to_right&#8221; overlay_strength=&#8221;0.3&#8243; width=&#8221;1\/2&#8243; tablet_width_inherit=&#8221;default&#8221; column_border_width=&#8221;none&#8221; column_border_style=&#8221;solid&#8221; bg_image_animation=&#8221;none&#8221;][vc_column_text el_class=&#8221;text-with-borders&#8221;]Contact us through our contact form[\/vc_column_text]\n<div class=\"wpcf7 no-js\" id=\"wpcf7-f909-o1\" lang=\"sk-SK\" dir=\"ltr\">\n<div class=\"screen-reader-response\"><p role=\"status\" aria-live=\"polite\" aria-atomic=\"true\"><\/p> <ul><\/ul><\/div>\n<form action=\"\/en\/wp-json\/wp\/v2\/pages\/900\/#wpcf7-f909-o1\" method=\"post\" class=\"wpcf7-form init wpcf7-acceptance-as-validation\" aria-label=\"Contact form\" novalidate=\"novalidate\" data-status=\"init\">\n<div style=\"display: none;\">\n<input type=\"hidden\" name=\"_wpcf7\" value=\"909\" \/>\n<input type=\"hidden\" name=\"_wpcf7_version\" value=\"5.7.6\" \/>\n<input type=\"hidden\" name=\"_wpcf7_locale\" value=\"sk_SK\" \/>\n<input type=\"hidden\" name=\"_wpcf7_unit_tag\" value=\"wpcf7-f909-o1\" \/>\n<input type=\"hidden\" name=\"_wpcf7_container_post\" value=\"0\" \/>\n<input type=\"hidden\" name=\"_wpcf7_posted_data_hash\" value=\"\" \/>\n<input type=\"hidden\" name=\"_wpcf7_recaptcha_response\" value=\"\" \/>\n<\/div>\n<div class=\"nectar-wpcf7-inline-form\">\n\t<div class=\"nectar-wpcf7-inline-field\">\n\t\t<p><span class=\"wpcf7-form-control-wrap\" data-name=\"meno\"><input size=\"40\" class=\"wpcf7-form-control wpcf7-text wpcf7-validates-as-required\" aria-required=\"true\" aria-invalid=\"false\" placeholder=\"First Name\" value=\"\" type=\"text\" name=\"meno\" \/><\/span>\n\t\t<\/p>\n\t<\/div>\n\t<div class=\"nectar-wpcf7-inline-field\">\n\t\t<p><span class=\"wpcf7-form-control-wrap\" data-name=\"priezvisko\"><input size=\"40\" class=\"wpcf7-form-control wpcf7-text wpcf7-validates-as-required\" aria-required=\"true\" aria-invalid=\"false\" placeholder=\"Last Name\" value=\"\" type=\"text\" name=\"priezvisko\" \/><\/span>\n\t\t<\/p>\n\t<\/div>\n<\/div>\n<div class=\"nectar-wpcf7-inline-form\">\n\t<div class=\"nectar-wpcf7-inline-field\">\n\t\t<p><span class=\"wpcf7-form-control-wrap\" data-name=\"telefon\"><input size=\"40\" class=\"wpcf7-form-control wpcf7-text wpcf7-validates-as-required\" aria-required=\"true\" aria-invalid=\"false\" placeholder=\"Phone number\" value=\"\" type=\"text\" name=\"telefon\" \/><\/span>\n\t\t<\/p>\n\t<\/div>\n\t<div class=\"nectar-wpcf7-inline-field\">\n\t\t<p><span class=\"wpcf7-form-control-wrap\" data-name=\"e-mail\"><input size=\"40\" class=\"wpcf7-form-control wpcf7-text wpcf7-email wpcf7-validates-as-required wpcf7-validates-as-email\" aria-required=\"true\" aria-invalid=\"false\" placeholder=\"E-mail\" value=\"\" type=\"email\" name=\"e-mail\" \/><\/span>\n\t\t<\/p>\n\t<\/div>\n<\/div>\n<div class=\"nectar-wpcf7-inline-form\">\n\t<div class=\"nectar-wpcf7-inline-field\">\n\t\t<p><span class=\"wpcf7-form-control-wrap\" data-name=\"sprava\"><textarea cols=\"40\" rows=\"10\" class=\"wpcf7-form-control wpcf7-textarea\" aria-invalid=\"false\" placeholder=\"Message\" name=\"sprava\"><\/textarea><\/span>\n\t\t<\/p>\n\t<\/div>\n<\/div>\n<p><span class=\"wpcf7-form-control-wrap\" data-name=\"gdpr\"><span class=\"wpcf7-form-control wpcf7-acceptance optional\"><span class=\"wpcf7-list-item\"><label><input type=\"checkbox\" name=\"gdpr\" value=\"1\" aria-invalid=\"false\" \/><span class=\"wpcf7-list-item-label\">I agree with <a href=\"\/ochrana-sukromia\/\" target=\"_blank\">processing of personal data<\/a><\/span><\/label><\/span><\/span><\/span>\n<\/p>\n<p><input class=\"wpcf7-form-control has-spinner wpcf7-submit\" type=\"submit\" value=\"Send\" \/>\n<\/p><input type='hidden' class='wpcf7-pum' value='{\"closepopup\":false,\"closedelay\":0,\"openpopup\":false,\"openpopup_id\":0}' \/><div class=\"wpcf7-response-output\" aria-hidden=\"true\"><\/div>\n<\/form>\n<\/div>\n[divider line_type=&#8221;No Line&#8221; custom_height=&#8221;30&#8243;][\/vc_column_inner][vc_column_inner column_padding=&#8221;no-extra-padding&#8221; column_padding_tablet=&#8221;inherit&#8221; column_padding_phone=&#8221;inherit&#8221; column_padding_position=&#8221;all&#8221; background_color_opacity=&#8221;1&#8243; background_hover_color_opacity=&#8221;1&#8243; column_shadow=&#8221;none&#8221; column_border_radius=&#8221;none&#8221; column_link_target=&#8221;_self&#8221; gradient_direction=&#8221;left_to_right&#8221; overlay_strength=&#8221;0.3&#8243; width=&#8221;1\/2&#8243; tablet_width_inherit=&#8221;default&#8221; column_border_width=&#8221;none&#8221; column_border_style=&#8221;solid&#8221; bg_image_animation=&#8221;none&#8221;][vc_column_text el_class=&#8221;text-with-borders&#8221;]Contact information[\/vc_column_text][divider line_type=&#8221;No Line&#8221; custom_height=&#8221;20&#8243;]<div class=\"iwithtext\"><div class=\"iwt-icon\"> <i class=\"icon-default-style icon-envelope-alt accent-color\"><\/i> <\/div><div class=\"iwt-text\"> <a href=\"mailto:info@danubefishing.com\">info@danubefishing.com<\/a> <\/div><div class=\"clear\"><\/div><\/div><div class=\"iwithtext\"><div class=\"iwt-icon\"> <i class=\"icon-default-style icon-phone accent-color\"><\/i> <\/div><div class=\"iwt-text\"> SK: <a href=\"tel:+421917845644\">+421 917 845 644<\/a><br \/>\nEN: <a href=\"tel:+421904271661\">+421 904 271 661<\/a><br \/>\nDE: <a href=\"tel:+421908712660\">+421 908 712 660<\/a><br \/>\nHU: <a href=\"tel:+421948206015\">+421 948 206 015<\/a> <\/div><div class=\"clear\"><\/div><\/div>[\/vc_column_inner][\/vc_row_inner][\/vc_column][\/vc_row]\n","protected":false},"excerpt":{"rendered":"<p>[vc_row type=&#8221;in_container&#8221; full_screen_row_position=&#8221;middle&#8221; column_margin=&#8221;default&#8221; column_direction=&#8221;default&#8221; column_direction_tablet=&#8221;default&#8221; column_direction_phone=&#8221;default&#8221; scene_position=&#8221;center&#8221; text_color=&#8221;dark&#8221; text_align=&#8221;left&#8221; row_border_radius=&#8221;none&#8221; row_border_radius_applies=&#8221;bg&#8221; overlay_strength=&#8221;0.3&#8243; gradient_direction=&#8221;left_to_right&#8221; shape_divider_position=&#8221;bottom&#8221; bg_image_animation=&#8221;none&#8221;][vc_column column_padding=&#8221;no-extra-padding&#8221; column_padding_tablet=&#8221;inherit&#8221; column_padding_phone=&#8221;inherit&#8221; column_padding_position=&#8221;all&#8221;&#8230;<\/p>\n","protected":false},"author":1,"featured_media":0,"parent":0,"menu_order":0,"comment_status":"closed","ping_status":"closed","template":"","meta":{"inline_featured_image":false},"yoast_head":"<!-- This site is optimized with the Yoast SEO plugin v20.7 - https:\/\/yoast.com\/wordpress\/plugins\/seo\/ -->\n<title>Contact | Lov kaprov z pont\u00f3nu na rieke Dunaj | Danubefishing.com<\/title>\n<meta name=\"description\" content=\"Jedine\u010dn\u00fd z\u00e1\u017eitok na ktor\u00fd nezabudne\u0161. Lov kaprov z pont\u00f3nu na rieke Dunaj. Pon\u00fakame pren\u00e1jom pont\u00f3nu na Dunaji pri Bratislave na Hru\u0161ovskej zdr\u017ei.\" \/>\n<meta name=\"robots\" content=\"index, follow, max-snippet:-1, max-image-preview:large, max-video-preview:-1\" \/>\n<link rel=\"canonical\" href=\"https:\/\/danubefishing.com\/en\/contact\/\" \/>\n<meta property=\"og:locale\" content=\"en_US\" \/>\n<meta property=\"og:type\" content=\"article\" \/>\n<meta property=\"og:title\" content=\"Contact | Lov kaprov z pont\u00f3nu na rieke Dunaj | Danubefishing.com\" \/>\n<meta property=\"og:description\" content=\"Jedine\u010dn\u00fd z\u00e1\u017eitok na ktor\u00fd nezabudne\u0161. Lov kaprov z pont\u00f3nu na rieke Dunaj. Pon\u00fakame pren\u00e1jom pont\u00f3nu na Dunaji pri Bratislave na Hru\u0161ovskej zdr\u017ei.\" \/>\n<meta property=\"og:url\" content=\"https:\/\/danubefishing.com\/en\/contact\/\" \/>\n<meta property=\"og:site_name\" content=\"Danubefishing.com\" \/>\n<meta property=\"article:publisher\" content=\"https:\/\/www.facebook.com\/Danubefishing-735262176873015\" \/>\n<meta property=\"article:modified_time\" content=\"2021-04-07T11:37:43+00:00\" \/>\n<meta property=\"og:image\" content=\"https:\/\/danubefishing.com\/wp-content\/uploads\/2021\/01\/og-image.jpg\" \/>\n\t<meta property=\"og:image:width\" content=\"1200\" \/>\n\t<meta property=\"og:image:height\" content=\"630\" \/>\n\t<meta property=\"og:image:type\" content=\"image\/jpeg\" \/>\n<meta name=\"twitter:card\" content=\"summary_large_image\" \/>\n<meta name=\"twitter:label1\" content=\"Est. reading time\" \/>\n\t<meta name=\"twitter:data1\" content=\"1 minute\" \/>\n<script type=\"application\/ld+json\" class=\"yoast-schema-graph\">{\"@context\":\"https:\/\/schema.org\",\"@graph\":[{\"@type\":\"WebPage\",\"@id\":\"https:\/\/danubefishing.com\/en\/contact\/\",\"url\":\"https:\/\/danubefishing.com\/en\/contact\/\",\"name\":\"Contact | Lov kaprov z pont\u00f3nu na rieke Dunaj | Danubefishing.com\",\"isPartOf\":{\"@id\":\"https:\/\/danubefishing.com\/#website\"},\"datePublished\":\"2021-01-17T16:52:29+00:00\",\"dateModified\":\"2021-04-07T11:37:43+00:00\",\"description\":\"Jedine\u010dn\u00fd z\u00e1\u017eitok na ktor\u00fd nezabudne\u0161. Lov kaprov z pont\u00f3nu na rieke Dunaj. Pon\u00fakame pren\u00e1jom pont\u00f3nu na Dunaji pri Bratislave na Hru\u0161ovskej zdr\u017ei.\",\"breadcrumb\":{\"@id\":\"https:\/\/danubefishing.com\/en\/contact\/#breadcrumb\"},\"inLanguage\":\"en-US\",\"potentialAction\":[{\"@type\":\"ReadAction\",\"target\":[\"https:\/\/danubefishing.com\/en\/contact\/\"]}]},{\"@type\":\"BreadcrumbList\",\"@id\":\"https:\/\/danubefishing.com\/en\/contact\/#breadcrumb\",\"itemListElement\":[{\"@type\":\"ListItem\",\"position\":1,\"name\":\"Domovsk\u00e1 str\u00e1nka\",\"item\":\"https:\/\/danubefishing.com\/en\/\"},{\"@type\":\"ListItem\",\"position\":2,\"name\":\"Contact\"}]},{\"@type\":\"WebSite\",\"@id\":\"https:\/\/danubefishing.com\/#website\",\"url\":\"https:\/\/danubefishing.com\/\",\"name\":\"Danubefishing.com\",\"description\":\"\",\"potentialAction\":[{\"@type\":\"SearchAction\",\"target\":{\"@type\":\"EntryPoint\",\"urlTemplate\":\"https:\/\/danubefishing.com\/?s={search_term_string}\"},\"query-input\":\"required name=search_term_string\"}],\"inLanguage\":\"en-US\"}]}<\/script>\n<!-- \/ Yoast SEO plugin. -->","yoast_head_json":{"title":"Contact | Lov kaprov z pont\u00f3nu na rieke Dunaj | Danubefishing.com","description":"Jedine\u010dn\u00fd z\u00e1\u017eitok na ktor\u00fd nezabudne\u0161. Lov kaprov z pont\u00f3nu na rieke Dunaj. Pon\u00fakame pren\u00e1jom pont\u00f3nu na Dunaji pri Bratislave na Hru\u0161ovskej zdr\u017ei.","robots":{"index":"index","follow":"follow","max-snippet":"max-snippet:-1","max-image-preview":"max-image-preview:large","max-video-preview":"max-video-preview:-1"},"canonical":"https:\/\/danubefishing.com\/en\/contact\/","og_locale":"en_US","og_type":"article","og_title":"Contact | Lov kaprov z pont\u00f3nu na rieke Dunaj | Danubefishing.com","og_description":"Jedine\u010dn\u00fd z\u00e1\u017eitok na ktor\u00fd nezabudne\u0161. Lov kaprov z pont\u00f3nu na rieke Dunaj. Pon\u00fakame pren\u00e1jom pont\u00f3nu na Dunaji pri Bratislave na Hru\u0161ovskej zdr\u017ei.","og_url":"https:\/\/danubefishing.com\/en\/contact\/","og_site_name":"Danubefishing.com","article_publisher":"https:\/\/www.facebook.com\/Danubefishing-735262176873015","article_modified_time":"2021-04-07T11:37:43+00:00","og_image":[{"width":1200,"height":630,"url":"https:\/\/danubefishing.com\/wp-content\/uploads\/2021\/01\/og-image.jpg","type":"image\/jpeg"}],"twitter_card":"summary_large_image","twitter_misc":{"Est. reading time":"1 minute"},"schema":{"@context":"https:\/\/schema.org","@graph":[{"@type":"WebPage","@id":"https:\/\/danubefishing.com\/en\/contact\/","url":"https:\/\/danubefishing.com\/en\/contact\/","name":"Contact | Lov kaprov z pont\u00f3nu na rieke Dunaj | Danubefishing.com","isPartOf":{"@id":"https:\/\/danubefishing.com\/#website"},"datePublished":"2021-01-17T16:52:29+00:00","dateModified":"2021-04-07T11:37:43+00:00","description":"Jedine\u010dn\u00fd z\u00e1\u017eitok na ktor\u00fd nezabudne\u0161. Lov kaprov z pont\u00f3nu na rieke Dunaj. Pon\u00fakame pren\u00e1jom pont\u00f3nu na Dunaji pri Bratislave na Hru\u0161ovskej zdr\u017ei.","breadcrumb":{"@id":"https:\/\/danubefishing.com\/en\/contact\/#breadcrumb"},"inLanguage":"en-US","potentialAction":[{"@type":"ReadAction","target":["https:\/\/danubefishing.com\/en\/contact\/"]}]},{"@type":"BreadcrumbList","@id":"https:\/\/danubefishing.com\/en\/contact\/#breadcrumb","itemListElement":[{"@type":"ListItem","position":1,"name":"Domovsk\u00e1 str\u00e1nka","item":"https:\/\/danubefishing.com\/en\/"},{"@type":"ListItem","position":2,"name":"Contact"}]},{"@type":"WebSite","@id":"https:\/\/danubefishing.com\/#website","url":"https:\/\/danubefishing.com\/","name":"Danubefishing.com","description":"","potentialAction":[{"@type":"SearchAction","target":{"@type":"EntryPoint","urlTemplate":"https:\/\/danubefishing.com\/?s={search_term_string}"},"query-input":"required name=search_term_string"}],"inLanguage":"en-US"}]}},"_links":{"self":[{"href":"https:\/\/danubefishing.com\/en\/wp-json\/wp\/v2\/pages\/900\/"}],"collection":[{"href":"https:\/\/danubefishing.com\/en\/wp-json\/wp\/v2\/pages\/"}],"about":[{"href":"https:\/\/danubefishing.com\/en\/wp-json\/wp\/v2\/types\/page\/"}],"author":[{"embeddable":true,"href":"https:\/\/danubefishing.com\/en\/wp-json\/wp\/v2\/users\/1\/"}],"replies":[{"embeddable":true,"href":"https:\/\/danubefishing.com\/en\/wp-json\/wp\/v2\/comments\/?post=900"}],"version-history":[{"count":3,"href":"https:\/\/danubefishing.com\/en\/wp-json\/wp\/v2\/pages\/900\/revisions\/"}],"predecessor-version":[{"id":947,"href":"https:\/\/danubefishing.com\/en\/wp-json\/wp\/v2\/pages\/900\/revisions\/947\/"}],"wp:attachment":[{"href":"https:\/\/danubefishing.com\/en\/wp-json\/wp\/v2\/media\/?parent=900"}],"curies":[{"name":"wp","href":"https:\/\/api.w.org\/{rel}","templated":true}]}}