{"id":893,"date":"2021-01-18T22:04:01","date_gmt":"2021-01-18T21:04:01","guid":{"rendered":"https:\/\/danubefishing.com\/kde-lovime\/"},"modified":"2021-04-07T13:18:02","modified_gmt":"2021-04-07T11:18:02","slug":"ahol-mi-horgaszunk","status":"publish","type":"page","link":"https:\/\/danubefishing.com\/hu\/ahol-mi-horgaszunk\/","title":{"rendered":"Ahol mi horg\u00e1szunk"},"content":{"rendered":"[vc_row type=&#8221;in_container&#8221; full_screen_row_position=&#8221;middle&#8221; column_margin=&#8221;default&#8221; column_direction=&#8221;default&#8221; column_direction_tablet=&#8221;default&#8221; column_direction_phone=&#8221;default&#8221; scene_position=&#8221;center&#8221; text_color=&#8221;dark&#8221; text_align=&#8221;left&#8221; row_border_radius=&#8221;none&#8221; row_border_radius_applies=&#8221;bg&#8221; id=&#8221;mapa&#8221; overlay_strength=&#8221;0.3&#8243; gradient_direction=&#8221;left_to_right&#8221; shape_divider_position=&#8221;bottom&#8221; bg_image_animation=&#8221;none&#8221; shape_type=&#8221;&#8221;][vc_column column_padding=&#8221;no-extra-padding&#8221; column_padding_tablet=&#8221;inherit&#8221; column_padding_phone=&#8221;inherit&#8221; column_padding_position=&#8221;all&#8221; background_color_opacity=&#8221;1&#8243; background_hover_color_opacity=&#8221;1&#8243; column_shadow=&#8221;none&#8221; column_border_radius=&#8221;none&#8221; column_link_target=&#8221;_self&#8221; gradient_direction=&#8221;left_to_right&#8221; overlay_strength=&#8221;0.3&#8243; width=&#8221;1\/1&#8243; tablet_width_inherit=&#8221;default&#8221; tablet_text_alignment=&#8221;default&#8221; phone_text_alignment=&#8221;default&#8221; column_border_width=&#8221;none&#8221; column_border_style=&#8221;solid&#8221; bg_image_animation=&#8221;none&#8221;][vc_column_text el_class=&#8221;text-with-borders&#8221;]\n<h1>Ahol mi horg\u00e1szunk<\/h1>\n<p>A v\u00edzt\u00e1roz\u00f3 (Hru\u0161ovsk\u00e1 zdr\u017e) [\/vc_column_text][divider line_type=&#8221;No Line&#8221; custom_height=&#8221;20&#8243;][nectar_image_with_hotspots image=&#8221;358&#8243; preview=&#8221;https:\/\/danubefishing.com\/wp-content\/uploads\/2021\/01\/hrusovska-mapa-2.jpg&#8221; color_1=&#8221;Accent-Color&#8221; hotspot_icon=&#8221;numerical&#8221; tooltip=&#8221;click&#8221; tooltip_shadow=&#8221;none&#8221;][nectar_hotspot left=&#8221;36.8627%&#8221; top=&#8221;39.5947%&#8221; position=&#8221;top&#8221;](Hru\u0161ovsk\u00e1 zdr\u017e)<br \/>\nTer\u00fclet sz\u00e1ma (2-0610-1-1)<br \/>\nA horg\u00e1szat enged\u00e9lyezett j\u00fanius 1-t\u0151l m\u00e1rcius 15-ig [\/nectar_hotspot][nectar_hotspot left=&#8221;39.3725%&#8221; top=&#8221;22.305%&#8221; position=&#8221;top&#8221;](Hru\u0161ovsk\u00e1 zdr\u017e)<br \/>\nTer\u00fclet sz\u00e1ma (2-0610-1-1)<br \/>\nA horg\u00e1szat enged\u00e9lyezett j\u00fanius 1-t\u0151l m\u00e1rcius 15-ig [\/nectar_hotspot][nectar_hotspot left=&#8221;45.4902%&#8221; top=&#8221;52.4139%&#8221; position=&#8221;top&#8221;]Duna \u00f6reg medre<br \/>\nTer\u00fclet sz\u00e1ma (2-0510-1-1)<br \/>\nA horg\u00e1szat enged\u00e9lyezett eg\u00e9sz \u00e9vben a fajlagos tilalmi id\u0151k betart\u00e1s\u00e1val.[\/nectar_hotspot][nectar_hotspot left=&#8221;59.451%&#8221; top=&#8221;73.3376%&#8221; position=&#8221;top&#8221;]V\u00e9dett madarak ter\u00fclete<br \/>\nA horg\u00e1szat enged\u00e9lyezett a meghat\u00e1rozott id\u0151szakban (CHV\u00da \u2013 \u0160OPSR t\u00f6rv\u00e9nyek szerint). Eg\u00e9sz \u00e9vben tilos a motorcs\u00f3nak\u00e1z\u00e1s \u00e9s a sportvitorl\u00e1z\u00e1s.<br \/>\nT\u00f6bb inf\u00f3 az oldalon: http:\/\/www.sopsr.sk\/[\/nectar_hotspot][nectar_hotspot left=&#8221;85.0196%&#8221; top=&#8221;78.915%&#8221; position=&#8221;top&#8221;]Duna f\u0151 \u00e1ga<br \/>\nEg\u00e9sz \u00e9vben tilos a horg\u00e1szat.<br \/>\nTilos a v\u00edzi sportok \u0171z\u00e9se ezen a ter\u00fcleten.[\/nectar_hotspot][nectar_hotspot left=&#8221;51.1373%&#8221; top=&#8221;47.9608%&#8221; position=&#8221;top&#8221;]Haj\u00f3z\u00e1si \u00fatvonal<br \/>\nS\u00f6t\u00e9ted\u00e9s ut\u00e1n tilos a haj\u00f3\u00fatban tart\u00f3zkodni. A Duna f\u0151 \u00e1g\u00e1n be kell tartani a haj\u00f3z\u00e1si t\u00f6rv\u00e9nyt (Z\u00e1kon \u010d. 338\/2000).[\/nectar_hotspot][\/nectar_image_with_hotspots][\/vc_column][\/vc_row][vc_row type=&#8221;in_container&#8221; full_screen_row_position=&#8221;middle&#8221; column_margin=&#8221;default&#8221; column_direction=&#8221;default&#8221; column_direction_tablet=&#8221;default&#8221; column_direction_phone=&#8221;default&#8221; scene_position=&#8221;center&#8221; text_color=&#8221;dark&#8221; text_align=&#8221;left&#8221; row_border_radius=&#8221;none&#8221; row_border_radius_applies=&#8221;bg&#8221; overlay_strength=&#8221;0.3&#8243; gradient_direction=&#8221;left_to_right&#8221; shape_divider_position=&#8221;bottom&#8221; bg_image_animation=&#8221;none&#8221;][vc_column column_padding=&#8221;no-extra-padding&#8221; column_padding_tablet=&#8221;inherit&#8221; column_padding_phone=&#8221;inherit&#8221; column_padding_position=&#8221;all&#8221; background_color_opacity=&#8221;1&#8243; background_hover_color_opacity=&#8221;1&#8243; column_shadow=&#8221;none&#8221; column_border_radius=&#8221;none&#8221; column_link_target=&#8221;_self&#8221; gradient_direction=&#8221;left_to_right&#8221; overlay_strength=&#8221;0.3&#8243; width=&#8221;1\/1&#8243; tablet_width_inherit=&#8221;default&#8221; tablet_text_alignment=&#8221;default&#8221; phone_text_alignment=&#8221;default&#8221; column_border_width=&#8221;none&#8221; column_border_style=&#8221;solid&#8221; bg_image_animation=&#8221;none&#8221;][vc_column_text el_class=&#8221;text-with-borders&#8221;]\n<h3>Duna \u2013 Hru\u0161ovsk\u00e1 zdr\u017e (a v\u00edzt\u00e1roz\u00f3)<\/h3>\n<p>Inform\u00e1ci\u00f3k [\/vc_column_text][divider line_type=&#8221;No Line&#8221; custom_height=&#8221;20&#8243;][vc_column_text]Hru\u0161ovsk\u00e1 zdr\u017e t\u00e1roz\u00f3 a B\u0151si v\u00edzi er\u0151m\u0171 r\u00e9sze, amelyet az 1992-es \u00e9vben helyeztek \u00fczembe. Ez az er\u0151m\u0171 \u00e9pp ebben a t\u00e9rs\u00e9gben k\u00e1ros\u00edtotta meg legink\u00e1bb a dunamenti erd\u0151ket, melyek Szemet (Kalinkovo) telep\u00fcl\u00e9st\u0151l eg\u00e9sz Tejfaluig (Mlie\u010dno) lettek el\u00e1rasztva \u2013 amely Somorja (\u0160amor\u00edn) r\u00e9sze. A nagy kiterjed\u00e9s\u0171 \u00e9s tagolt el\u00e1gaz\u00f3rendszer helyett most egy hatalmas egybef\u00fcgg\u0151 v\u00edzt\u00f6meg tal\u00e1lhat\u00f3 itt, amelynek ter\u00fclete k\u00f6r\u00fclbel\u00fcl 25 km2. A v\u00edzt\u00e1roz\u00f3 is r\u00e9sze a V\u00e9dett madarak ter\u00fclet\u00e9nek, amely a Dunamenti \u00e1rt\u00e9ri erd\u0151kben tal\u00e1lhat\u00f3.<\/p>\n<p>&nbsp;<\/p>\n<h2>Ter\u00fclet<\/h2>\n<p><strong>Dunaj \u010d. 3 \u2013 2-0610-1-1 (a ter\u00fclet t\u00edpusa: pontyos &#8211; horg\u00e1szhat\u00f3). <\/strong><\/p>\n<p>Dunaj \u010d. 3 \u2013 2-0610-1-1 (a ter\u00fclet t\u00edpusa: pontyos &#8211; horg\u00e1szhat\u00f3).<\/p>\n<p>A t\u00e1roz\u00f3 v\u00edzter\u00fclete bal oldalon: Somorja (\u0160amor\u00edn) szennyv\u00edztisztit\u00f3 telep\u00e9nek kivezet\u0151 cs\u00f6v\u00e9t\u0151l a Cs\u00f6l\u00f6szt\u0151 (\u010cilistov) melletti r\u00e9szig. Pozsony (Bratislava) vid\u00e9ke, az 1862-es kilom\u00e9ter \u00e9s a szomsz\u00e9dos v\u00edzter\u00fcletek ut\u00e1n, amelyek szabadon kapcsol\u00f3dnak a t\u00e1roz\u00f3hoz (\u201eRusovecko \u2013 Jaroveckej s\u00fast. ramien\u201d ter\u00fcleteken k\u00edv\u00fcl \u2013 k\u00fcl\u00f6n\u00e1ll\u00f3 ter\u00fclet, melynek sz\u00e1ma 1-0130-1-1).<br \/>\nA t\u00e1roz\u00f3 v\u00edzter\u00fclete jobb oldalon: a 29 VD kilom\u00e9tert\u0151l (v\u00edzisportokat tilt\u00f3 t\u00e1bla \u2013 \u201eStop \u0161portovej plavbe\u201d) az 1862-es kilom\u00e9terig \u00e9s az ehhez tartoz\u00f3 szomsz\u00e9dos v\u00edzter\u00fcletek, melyek szabadon kapcsol\u00f3dnak a t\u00e1roz\u00f3hoz.<br \/>\nEz a v\u00edzter\u00fclet nem hat\u00e1rv\u00edz. A foghat\u00f3 halak megn\u00f6velt minim\u00e1lis\/maxim\u00e1lis m\u00e9retei centim\u00e9terben a k\u00f6vetkez\u0151k: s\u00fcll\u0151 55\/X, harcsa 90\/X, m\u00e1rna 50\/X, fejesdomolyk\u00f3 35\/X, j\u00e1szkeszeg 35\/X, ny\u00faldomolyk\u00f3 25\/X, balin 50\/X, s\u00fcg\u00e9r X\/10.<\/p>\n<p>Magyar\u00e1zat: a megn\u00f6velt foghat\u00f3 m\u00e9ret alatt azt \u00e9rtj\u00fck, hogy p\u00e9ld\u00e1ul a s\u00fcll\u0151 eset\u00e9ben az 55 centis legkisebb foghat\u00f3 m\u00e9ret a t\u00f6rv\u00e9ny \u00e1ltal lett emelve 35 centir\u0151l. Az X jel\u00f6l\u00e9s pedig \u00e9rtelemszer\u0171en azt jelzi, hogy a legnagyobb megtarthat\u00f3 m\u00e9ret nincs meghat\u00e1rozva a s\u00fcll\u0151 eset\u00e9ben sem.<br \/>\n<strong>Leegyszer\u0171s\u00edtve: a s\u00fcll\u0151t megtarthatjuk, ha a teljes hossza el\u00e9ri az 55 centim\u00e9tert.<\/strong><br \/>\nA cs\u00f3nakos horg\u00e1szat enged\u00e9lyezett. A dunamenti \u00fatjaink sor\u00e1n be kell tartani az \u00f6sszes hat\u00e1lyos el\u0151\u00edr\u00e1st \u00e9s t\u00f6rv\u00e9nyt, ami a belv\u00edzi haj\u00f3z\u00e1sra vonatkozik \u00e9s figyelemmel k\u00eds\u00e9rni a Szlov\u00e1k K\u00f6zt\u00e1rsas\u00e1g K\u00f6zleked\u00e9si Hat\u00f3s\u00e1ga \u00e1ltal bevezetett jelenlegi haj\u00f3z\u00e1si int\u00e9zked\u00e9seket.<\/p>\n<h3>Halfajok<\/h3>\n<p>A Duna foly\u00f3ban gyakorlatilag az \u00f6sszes halfaj foghat\u00f3, amely Szlov\u00e1kia alf\u00f6ldj\u00e9nek vizeiben el\u0151fordul. Leggyakoribb fajok k\u00f6z\u00e9 tartozik a ponty, az amur, a harcsa, a s\u00fcll\u0151, a d\u00e9v\u00e9rkeszeg \u00e9s a m\u00e1rna. A t\u00e9li id\u0151szakban sikeresen horg\u00e1szhatunk menyhalra is. Egy\u00e9b gyakori halfajok k\u00f6z\u00e9 tartozik a sz\u00e1mos keszegf\u00e9le, a paduc, a balin \u00e9s a csuka.<\/p>\n<h3>Horg\u00e1szm\u00f3dszerek<\/h3>\n<p>A t\u00f6rv\u00e9ny szerint megengedett horg\u00e1szm\u00f3dszerek mindegyike (\u010d. 216\/2018 Z. z. o ryb\u00e1rstve a jeho vykon\u00e1vacej vyhl\u00e1\u0161ky \u010d. 381\/2018 Z.z.).<\/p>\n<h3>Cs\u00f3nak haszn\u00e1lata a v\u00edzter\u00fcleten<\/h3>\n<p>A t\u00e1roz\u00f3n (VD Hru\u0161ov \u2013 \u010cunovo) sz\u00e1mos lehet\u0151s\u00e9g k\u00edn\u00e1lkozik, ami a cs\u00f3nakok v\u00edzre enged\u00e9s\u00e9t illeti. A bal oldalon \u00e1t kell haladni a r\u00e1mp\u00e1n az elektronikus chip-ig, amely elint\u00e9zhet\u0151 a \u201eMO SRZ Dunajsk\u00e1 Lu\u017en\u00e1\u201d \u00e9s \u201eMO SRZ \u0160amor\u00edn\u201d nevezet\u0171 horg\u00e1sz szervezetekn\u00e9l. A jobb oldalon szabadon hozz\u00e1f\u00e9rhet\u0151 helyek k\u00edn\u00e1lkoznak a cs\u00f3nak \u00fatnak enged\u00e9s\u00e9hez a Danubiane \u00e9s Rusovecko mellett.<\/p>\n<h3>Enged\u00e9lyek<\/h3>\n<p>El\u00e9rhet\u0151 enged\u00e9lyek: napijegy, hetijegy \u00e9s eg\u00e9sz \u00e9ves form\u00e1ban.<\/p>\n<p>A Szlov\u00e1k Horg\u00e1sz Sz\u00f6vets\u00e9gben (SRZ) tags\u00e1ggal nem rendelkez\u0151k sz\u00e1m\u00e1ra szint\u00e9n el\u00e9rhet\u0151ek az enged\u00e9lyek napijegyes \u00e9s hetijegyes form\u00e1ban.<\/p>\n<h3>T\u00f6bb inf\u00f3 a dunacs\u00fani v\u00edzi er\u0151m\u0171r\u0151l (\u010cunovo):<\/h3>\n<ul>\n<li>Dunakiliti g\u00e1t: magyar ter\u00fcleten \u00e9p\u00fclt az eg\u00e9sz. Feladata a szint emel\u00e9se \u00e9s ez\u00e1ltal az er\u0151m\u0171 sz\u00e1m\u00e1ra sz\u00fcks\u00e9ges lejt\u00e9s \u00e9s \u00e1raml\u00e1s biztos\u00edt\u00e1sa. A g\u00e1t tov\u00e1bbi objektuma a t\u00e9li kik\u00f6t\u0151, \u00fczemi \u00e9p\u00fcletek \u00e9s bevezet\u0151 \u00fat a faluba. Magyarorsz\u00e1g elutas\u00edtotta az \u00fczembe helyez\u00e9s\u00e9t.<\/li>\n<li>A v\u00edzt\u00e1roz\u00f3 (Hru\u0161ovsk\u00e1 zdr\u017e): feladata a v\u00edzt\u00f6meg felhalmoz\u00e1sa a b\u0151si er\u0151m\u0171 fenti m\u0171k\u00f6d\u00e9s\u00e9hez. K\u00f6r\u00fclbel\u00fcl 16 kilom\u00e9ter hossz\u00fa \u00e9s 1-4 kilom\u00e9ter sz\u00e9les. T\u00falnyom\u00f3r\u00e9szt Szlov\u00e1kia ter\u00fclet\u00e9n \u00e9p\u00fclt.<\/li>\n<li>Bevezet\u0151 kan\u00e1lis\/csatorna: biztos\u00edtja a v\u00edzell\u00e1t\u00e1st a t\u00e1roz\u00f3b\u00f3l az er\u0151m\u0171be. Nemzetk\u00f6zi v\u00edzi utat is k\u00e9pez, illetve \u00e1rv\u00edz eset\u00e9n seg\u00edt a v\u00edz elvezet\u00e9s\u00e9ben. A terep szintje felett helyezkedik el, ez\u00e9rt minden oldalr\u00f3l t\u00f6lt\u00e9ssel van v\u00e9dve. Hossza 17 kilom\u00e9ter.<\/li>\n<li>B\u0151si l\u00e9pcs\u0151 (Stupe\u0148 Gab\u010d\u00edkovo): 2 f\u0151 l\u00e9tes\u00edtm\u00e9nyb\u0151l \u00e1ll, egy v\u00edzi er\u0151m\u0171b\u0151l \u00e9s egy \u00fasz\u00f3kamr\u00e1b\u00f3l. Az\u00e9rt \u00e9p\u00fclt, hogy l\u00e9trehozzon egy lejt\u0151t a villamosenergia-termel\u00e9sre felhaszn\u00e1lva, \u00e9s hogy lek\u00fczdje az \u00e1rak keltette szintk\u00fcl\u00f6nbs\u00e9geket, valamint elvezesse az esetleges \u00e1rvizeket. A kamr\u00e1k a foly\u00f3 bal oldal\u00e1n helyezkednek el, a jobb oldali er\u0151m\u0171nek cs\u00facs\u00fczemben egy \u00e9v alatt \u00e1tlagosan 2650 GWh-t kell kitermelnie. A v\u00edzl\u00e9pcs\u0151 felett 10 m\u00e9ter sz\u00e9les h\u00edd tal\u00e1lhat\u00f3. Az er\u0151m\u0171 m\u0171k\u00f6d\u00e9se teljesen automatiz\u00e1lt. Minden kamra alaprajzi m\u00e9rete 34 x 275 m\u00e9ter, minim\u00e1lis v\u00edzm\u00e9lys\u00e9ge 4,5 m\u00e9ter. Lehet\u0151v\u00e9 teszi a haj\u00f3k sz\u00e1m\u00e1ra, hogy lek\u00fczdj\u00e9k a magass\u00e1gi k\u00fcl\u00f6nbs\u00e9geket a 16-23,3 m\u00e9teres tartom\u00e1nyban. Az \u00e1tkel\u00e9st egy harminc m\u00e9teres oszlopon elhelyezked\u0151 ellen\u0151rz\u0151 helyis\u00e9gb\u0151l lehet ir\u00e1ny\u00edtani.<\/li>\n<li>Hullad\u00e9k-csatorna: a b\u0151si er\u0151m\u0171b\u0151l a vizet visszavezeti a Duna eredeti medr\u00e9be, amellett, hogy az ell\u00e1t\u00f3 csatorn\u00e1hoz hasonl\u00f3an el\u0151seg\u00edti az \u00e1rv\u00edz\u00e1raml\u00e1s egy r\u00e9sz\u00e9nek \u00e1tad\u00e1s\u00e1t. A csatorna cs\u00e9sze alak\u00fa \u00e9s 8,2 kilom\u00e9ter hossz\u00fa. Napjainkban a sz\u00e9less\u00e9ge 185 m\u00e9ter. A csatorna Szap (Sap\/Palkovi\u010dovo) falu k\u00f6zel\u00e9ben torkollik a Dun\u00e1ba.<\/li>\n<li>Szab\u00e1lyoz\u00e1si int\u00e9zked\u00e9sek a Duna r\u00e9gi medr\u00e9ben \u00e9s annak \u00e1gain.<\/li>\n<\/ul>\n<p>A horg\u00e1szat mellett t\u00f6bbf\u00e9le m\u00f3don lehet hat\u00e9konyan felhaszn\u00e1lni az id\u0151t a k\u00f6rny\u00e9ken. Szlov\u00e1kia f\u0151v\u00e1rosa, Pozsony el\u00e9g k\u00f6nnyen el\u00e9rhet\u0151, ak\u00e1rcsak a k\u00f6rnyez\u0151 telep\u00fcl\u00e9sek, mint p\u00e9ld\u00e1ul Somorja (\u0160amor\u00edn), Gutor (Hamuliakovo), Oroszv\u00e1r (Rusovce) \u00e9s Dunacs\u00fan (\u010cunovo). Somorj\u00e1n sporttev\u00e9kenys\u00e9geket folytathatunk az olimpiai sportok X-Bionic Sphere komplexum\u00e1ban vagy a v\u00edzi sportok ter\u00fclet\u00e9n. Kultur\u00e1lis lehet\u0151s\u00e9gek k\u00f6z\u00fcl eml\u00edt\u00e9st \u00e9rdemel a Danubiana, mely a modern m\u0171v\u00e9szetek m\u00fazeuma \u00e9s k\u00f6zvetlen\u00fcl a t\u00e1roz\u00f3 f\u00e9lsziget\u00e9n tal\u00e1lhat\u00f3. Term\u00e9szetesen sok m\u00e1s \u00e9rdekes lehet\u0151s\u00e9g is k\u00edn\u00e1lkozik, legyen sz\u00f3 sz\u00e1ll\u00e1sr\u00f3l, kulin\u00e1ris \u00e9lvezetekr\u0151l vagy rekre\u00e1ci\u00f3s \u00e9s kultur\u00e1lis programokr\u00f3l&#8230;[\/vc_column_text][vc_column_text]Forr\u00e1s: <a href=\"https:\/\/www.srzrada.sk\/rybarske-reviry\/zapadne-slovensko\/dunaj-c-3\/dunaj-c-3-zdrz-cunovo-hrusov\/\">www.srzrada.sk<\/a>[\/vc_column_text][divider line_type=&#8221;No Line&#8221; custom_height=&#8221;30&#8243;][vc_column_text el_class=&#8221;text-with-borders&#8221;]\n<h2>Enged\u00e9lyek megv\u00e1s\u00e1rl\u00e1sa<\/h2>\n<p>Inform\u00e1ci\u00f3 &gt; <u><a href=\"https:\/\/srzbratislava5.sk\/hostovacky\/\" target=\"_blank\" rel=\"noopener\">Hos\u0165ovacie povolenia pre rok 2021<\/a><\/u>[\/vc_column_text][vc_column_text]* tov\u00e1bbi inform\u00e1ci\u00f3k\u00e9rt vegye fel a kapcsolatot vel\u00fcnk[\/vc_column_text][\/vc_column][\/vc_row]\n","protected":false},"excerpt":{"rendered":"<p>[vc_row type=&#8221;in_container&#8221; full_screen_row_position=&#8221;middle&#8221; column_margin=&#8221;default&#8221; column_direction=&#8221;default&#8221; column_direction_tablet=&#8221;default&#8221; column_direction_phone=&#8221;default&#8221; scene_position=&#8221;center&#8221; text_color=&#8221;dark&#8221; text_align=&#8221;left&#8221; row_border_radius=&#8221;none&#8221; row_border_radius_applies=&#8221;bg&#8221; id=&#8221;mapa&#8221; overlay_strength=&#8221;0.3&#8243; gradient_direction=&#8221;left_to_right&#8221; shape_divider_position=&#8221;bottom&#8221; bg_image_animation=&#8221;none&#8221; shape_type=&#8221;&#8221;][vc_column column_padding=&#8221;no-extra-padding&#8221; column_padding_tablet=&#8221;inherit&#8221;&#8230;<\/p>\n","protected":false},"author":1,"featured_media":0,"parent":0,"menu_order":0,"comment_status":"closed","ping_status":"closed","template":"","meta":{"inline_featured_image":false},"yoast_head":"<!-- This site is optimized with the Yoast SEO plugin v20.7 - https:\/\/yoast.com\/wordpress\/plugins\/seo\/ -->\n<title>Ahol mi horg\u00e1szunk | Lov kaprov z pont\u00f3nu na rieke Dunaj | Danubefishing.com<\/title>\n<meta name=\"description\" content=\"Jedine\u010dn\u00fd z\u00e1\u017eitok na ktor\u00fd nezabudne\u0161. Lov kaprov z pont\u00f3nu na rieke Dunaj. Pon\u00fakame pren\u00e1jom pont\u00f3nu na Dunaji pri Bratislave na Hru\u0161ovskej zdr\u017ei.\" \/>\n<meta name=\"robots\" content=\"index, follow, max-snippet:-1, max-image-preview:large, max-video-preview:-1\" \/>\n<link rel=\"canonical\" href=\"https:\/\/danubefishing.com\/hu\/ahol-mi-horgaszunk\/\" \/>\n<meta property=\"og:locale\" content=\"hu_HU\" \/>\n<meta property=\"og:type\" content=\"article\" \/>\n<meta property=\"og:title\" content=\"Ahol mi horg\u00e1szunk | Lov kaprov z pont\u00f3nu na rieke Dunaj | Danubefishing.com\" \/>\n<meta property=\"og:description\" content=\"Jedine\u010dn\u00fd z\u00e1\u017eitok na ktor\u00fd nezabudne\u0161. Lov kaprov z pont\u00f3nu na rieke Dunaj. Pon\u00fakame pren\u00e1jom pont\u00f3nu na Dunaji pri Bratislave na Hru\u0161ovskej zdr\u017ei.\" \/>\n<meta property=\"og:url\" content=\"https:\/\/danubefishing.com\/hu\/ahol-mi-horgaszunk\/\" \/>\n<meta property=\"og:site_name\" content=\"Danubefishing.com\" \/>\n<meta property=\"article:publisher\" content=\"https:\/\/www.facebook.com\/Danubefishing-735262176873015\" \/>\n<meta property=\"article:modified_time\" content=\"2021-04-07T11:18:02+00:00\" \/>\n<meta property=\"og:image\" content=\"https:\/\/danubefishing.com\/wp-content\/uploads\/2021\/01\/og-image.jpg\" \/>\n\t<meta property=\"og:image:width\" content=\"1200\" \/>\n\t<meta property=\"og:image:height\" content=\"630\" \/>\n\t<meta property=\"og:image:type\" content=\"image\/jpeg\" \/>\n<meta name=\"twitter:card\" content=\"summary_large_image\" \/>\n<meta name=\"twitter:label1\" content=\"Becs\u00fclt olvas\u00e1si id\u0151\" \/>\n\t<meta name=\"twitter:data1\" content=\"5 perc\" \/>\n<script type=\"application\/ld+json\" class=\"yoast-schema-graph\">{\"@context\":\"https:\/\/schema.org\",\"@graph\":[{\"@type\":\"WebPage\",\"@id\":\"https:\/\/danubefishing.com\/hu\/ahol-mi-horgaszunk\/\",\"url\":\"https:\/\/danubefishing.com\/hu\/ahol-mi-horgaszunk\/\",\"name\":\"Ahol mi horg\u00e1szunk | Lov kaprov z pont\u00f3nu na rieke Dunaj | Danubefishing.com\",\"isPartOf\":{\"@id\":\"https:\/\/danubefishing.com\/#website\"},\"datePublished\":\"2021-01-18T21:04:01+00:00\",\"dateModified\":\"2021-04-07T11:18:02+00:00\",\"description\":\"Jedine\u010dn\u00fd z\u00e1\u017eitok na ktor\u00fd nezabudne\u0161. Lov kaprov z pont\u00f3nu na rieke Dunaj. Pon\u00fakame pren\u00e1jom pont\u00f3nu na Dunaji pri Bratislave na Hru\u0161ovskej zdr\u017ei.\",\"breadcrumb\":{\"@id\":\"https:\/\/danubefishing.com\/hu\/ahol-mi-horgaszunk\/#breadcrumb\"},\"inLanguage\":\"hu\",\"potentialAction\":[{\"@type\":\"ReadAction\",\"target\":[\"https:\/\/danubefishing.com\/hu\/ahol-mi-horgaszunk\/\"]}]},{\"@type\":\"BreadcrumbList\",\"@id\":\"https:\/\/danubefishing.com\/hu\/ahol-mi-horgaszunk\/#breadcrumb\",\"itemListElement\":[{\"@type\":\"ListItem\",\"position\":1,\"name\":\"Domovsk\u00e1 str\u00e1nka\",\"item\":\"https:\/\/danubefishing.com\/hu\/\"},{\"@type\":\"ListItem\",\"position\":2,\"name\":\"Ahol mi horg\u00e1szunk\"}]},{\"@type\":\"WebSite\",\"@id\":\"https:\/\/danubefishing.com\/#website\",\"url\":\"https:\/\/danubefishing.com\/\",\"name\":\"Danubefishing.com\",\"description\":\"\",\"potentialAction\":[{\"@type\":\"SearchAction\",\"target\":{\"@type\":\"EntryPoint\",\"urlTemplate\":\"https:\/\/danubefishing.com\/?s={search_term_string}\"},\"query-input\":\"required name=search_term_string\"}],\"inLanguage\":\"hu\"}]}<\/script>\n<!-- \/ Yoast SEO plugin. -->","yoast_head_json":{"title":"Ahol mi horg\u00e1szunk | Lov kaprov z pont\u00f3nu na rieke Dunaj | Danubefishing.com","description":"Jedine\u010dn\u00fd z\u00e1\u017eitok na ktor\u00fd nezabudne\u0161. Lov kaprov z pont\u00f3nu na rieke Dunaj. Pon\u00fakame pren\u00e1jom pont\u00f3nu na Dunaji pri Bratislave na Hru\u0161ovskej zdr\u017ei.","robots":{"index":"index","follow":"follow","max-snippet":"max-snippet:-1","max-image-preview":"max-image-preview:large","max-video-preview":"max-video-preview:-1"},"canonical":"https:\/\/danubefishing.com\/hu\/ahol-mi-horgaszunk\/","og_locale":"hu_HU","og_type":"article","og_title":"Ahol mi horg\u00e1szunk | Lov kaprov z pont\u00f3nu na rieke Dunaj | Danubefishing.com","og_description":"Jedine\u010dn\u00fd z\u00e1\u017eitok na ktor\u00fd nezabudne\u0161. Lov kaprov z pont\u00f3nu na rieke Dunaj. Pon\u00fakame pren\u00e1jom pont\u00f3nu na Dunaji pri Bratislave na Hru\u0161ovskej zdr\u017ei.","og_url":"https:\/\/danubefishing.com\/hu\/ahol-mi-horgaszunk\/","og_site_name":"Danubefishing.com","article_publisher":"https:\/\/www.facebook.com\/Danubefishing-735262176873015","article_modified_time":"2021-04-07T11:18:02+00:00","og_image":[{"width":1200,"height":630,"url":"https:\/\/danubefishing.com\/wp-content\/uploads\/2021\/01\/og-image.jpg","type":"image\/jpeg"}],"twitter_card":"summary_large_image","twitter_misc":{"Becs\u00fclt olvas\u00e1si id\u0151":"5 perc"},"schema":{"@context":"https:\/\/schema.org","@graph":[{"@type":"WebPage","@id":"https:\/\/danubefishing.com\/hu\/ahol-mi-horgaszunk\/","url":"https:\/\/danubefishing.com\/hu\/ahol-mi-horgaszunk\/","name":"Ahol mi horg\u00e1szunk | Lov kaprov z pont\u00f3nu na rieke Dunaj | Danubefishing.com","isPartOf":{"@id":"https:\/\/danubefishing.com\/#website"},"datePublished":"2021-01-18T21:04:01+00:00","dateModified":"2021-04-07T11:18:02+00:00","description":"Jedine\u010dn\u00fd z\u00e1\u017eitok na ktor\u00fd nezabudne\u0161. Lov kaprov z pont\u00f3nu na rieke Dunaj. Pon\u00fakame pren\u00e1jom pont\u00f3nu na Dunaji pri Bratislave na Hru\u0161ovskej zdr\u017ei.","breadcrumb":{"@id":"https:\/\/danubefishing.com\/hu\/ahol-mi-horgaszunk\/#breadcrumb"},"inLanguage":"hu","potentialAction":[{"@type":"ReadAction","target":["https:\/\/danubefishing.com\/hu\/ahol-mi-horgaszunk\/"]}]},{"@type":"BreadcrumbList","@id":"https:\/\/danubefishing.com\/hu\/ahol-mi-horgaszunk\/#breadcrumb","itemListElement":[{"@type":"ListItem","position":1,"name":"Domovsk\u00e1 str\u00e1nka","item":"https:\/\/danubefishing.com\/hu\/"},{"@type":"ListItem","position":2,"name":"Ahol mi horg\u00e1szunk"}]},{"@type":"WebSite","@id":"https:\/\/danubefishing.com\/#website","url":"https:\/\/danubefishing.com\/","name":"Danubefishing.com","description":"","potentialAction":[{"@type":"SearchAction","target":{"@type":"EntryPoint","urlTemplate":"https:\/\/danubefishing.com\/?s={search_term_string}"},"query-input":"required name=search_term_string"}],"inLanguage":"hu"}]}},"_links":{"self":[{"href":"https:\/\/danubefishing.com\/hu\/wp-json\/wp\/v2\/pages\/893\/"}],"collection":[{"href":"https:\/\/danubefishing.com\/hu\/wp-json\/wp\/v2\/pages\/"}],"about":[{"href":"https:\/\/danubefishing.com\/hu\/wp-json\/wp\/v2\/types\/page\/"}],"author":[{"embeddable":true,"href":"https:\/\/danubefishing.com\/hu\/wp-json\/wp\/v2\/users\/1\/"}],"replies":[{"embeddable":true,"href":"https:\/\/danubefishing.com\/hu\/wp-json\/wp\/v2\/comments\/?post=893"}],"version-history":[{"count":3,"href":"https:\/\/danubefishing.com\/hu\/wp-json\/wp\/v2\/pages\/893\/revisions\/"}],"predecessor-version":[{"id":936,"href":"https:\/\/danubefishing.com\/hu\/wp-json\/wp\/v2\/pages\/893\/revisions\/936\/"}],"wp:attachment":[{"href":"https:\/\/danubefishing.com\/hu\/wp-json\/wp\/v2\/media\/?parent=893"}],"curies":[{"name":"wp","href":"https:\/\/api.w.org\/{rel}","templated":true}]}}